{"id":242,"date":"2021-04-12T18:04:02","date_gmt":"2021-04-12T18:04:02","guid":{"rendered":"http:\/\/www.castillapack.es\/?page_id=242"},"modified":"2025-01-22T17:13:36","modified_gmt":"2025-01-22T17:13:36","slug":"envolvedoras-horizontales","status":"publish","type":"page","link":"https:\/\/www.castillapack.es\/?page_id=242","title":{"rendered":"Envolvedoras horizontales"},"content":{"rendered":"<p>[et_pb_section fb_built=\u00bb1&#8243; admin_label=\u00bbHero\u00bb _builder_version=\u00bb4.16&#8243; background_image=\u00bbhttps:\/\/www.castillapack.es\/wp-content\/uploads\/2021\/03\/circle-background-pattern.png\u00bb custom_margin=\u00bb||-105px|||\u00bb custom_padding=\u00bb||0px|||\u00bb animation_style=\u00bbzoom\u00bb animation_intensity_zoom=\u00bb4%\u00bb global_colors_info=\u00bb{}\u00bb][et_pb_row use_custom_gutter=\u00bbon\u00bb disabled_on=\u00bbon|off|off\u00bb _builder_version=\u00bb4.16&#8243; background_size=\u00bbinitial\u00bb background_position=\u00bbtop_left\u00bb background_repeat=\u00bbrepeat\u00bb width=\u00bb80%\u00bb max_width=\u00bb1557px\u00bb min_height=\u00bb12.9px\u00bb custom_margin=\u00bb21px|auto||60px|false|false\u00bb custom_padding=\u00bb||0px|||\u00bb animation_style=\u00bbslide\u00bb animation_direction=\u00bbtop\u00bb animation_intensity_slide=\u00bb3%\u00bb global_colors_info=\u00bb{}\u00bb][et_pb_column type=\u00bb4_4&#8243; _builder_version=\u00bb4.16&#8243; custom_padding=\u00bb|||\u00bb global_colors_info=\u00bb{}\u00bb custom_padding__hover=\u00bb|||\u00bb][et_pb_text _builder_version=\u00bb4.16&#8243; text_font=\u00bb||||||||\u00bb header_font=\u00bbMontserrat|700||on|||||dotted\u00bb header_text_color=\u00bb#353740&#8243; header_font_size=\u00bb60px\u00bb header_line_height=\u00bb1.3em\u00bb background_size=\u00bbinitial\u00bb background_position=\u00bbtop_left\u00bb background_repeat=\u00bbrepeat\u00bb width=\u00bb100%\u00bb custom_margin=\u00bb|-118px|-4px|-53px||\u00bb custom_padding=\u00bb|1px||38px||\u00bb animation_style=\u00bbfade\u00bb header_font_size_last_edited=\u00bboff|desktop\u00bb locked=\u00bboff\u00bb global_colors_info=\u00bb{}\u00bb]<\/p>\n<h1><span style=\"color: #32680c;\">envolvedoras horizontales<\/span><\/h1>\n<p>[\/et_pb_text][et_pb_divider show_divider=\u00bboff\u00bb disabled_on=\u00bbon|on|off%22&#8243; _builder_version=\u00bb4.16&#8243; max_width=\u00bb120px\u00bb animation_style=\u00bbslide\u00bb animation_direction=\u00bbtop\u00bb animation_intensity_slide=\u00bb30%\u00bb global_colors_info=\u00bb{}\u00bb][\/et_pb_divider][\/et_pb_column][\/et_pb_row][et_pb_row _builder_version=\u00bb4.19.0&#8243; _module_preset=\u00bbdefault\u00bb transform_translate=\u00bb-61px|0px\u00bb width=\u00bb79.2%\u00bb min_height=\u00bb47.5px\u00bb custom_padding=\u00bb15px|128px||0px||\u00bb global_colors_info=\u00bb{}\u00bb][et_pb_column type=\u00bb4_4&#8243; _builder_version=\u00bb4.16&#8243; _module_preset=\u00bbdefault\u00bb global_colors_info=\u00bb{}\u00bb][et_pb_text _builder_version=\u00bb4.19.0&#8243; _module_preset=\u00bbdefault\u00bb transform_translate=\u00bb19px|8px\u00bb module_alignment=\u00bbcenter\u00bb custom_margin=\u00bb-12px|-19px|-1px|-19px|false|false\u00bb custom_padding=\u00bb0px||0px|0px|false|false\u00bb hover_enabled=\u00bb0&#8243; box_shadow_style=\u00bbpreset4&#8243; box_shadow_color=\u00bb#0c4719&#8243; global_colors_info=\u00bb{}\u00bb sticky_enabled=\u00bb0&#8243;]<\/p>\n<h1><strong>Gama Manual<\/strong><\/h1>\n<p>[\/et_pb_text][\/et_pb_column][\/et_pb_row][et_pb_row column_structure=\u00bb1_2,1_2&#8243; _builder_version=\u00bb4.16&#8243; _module_preset=\u00bbdefault\u00bb width=\u00bb87.2%\u00bb custom_margin=\u00bb|auto|75px|auto||\u00bb custom_padding=\u00bb||44px|0px||\u00bb global_colors_info=\u00bb{}\u00bb][et_pb_column type=\u00bb1_2&#8243; _builder_version=\u00bb4.16&#8243; _module_preset=\u00bbdefault\u00bb global_colors_info=\u00bb{}\u00bb][et_pb_text _builder_version=\u00bb4.19.0&#8243; _module_preset=\u00bbdefault\u00bb width=\u00bb95.6%\u00bb custom_margin=\u00bb|||-4px||\u00bb custom_padding=\u00bb|13px||||\u00bb hover_enabled=\u00bb0&#8243; global_colors_info=\u00bb{}\u00bb sticky_enabled=\u00bb0&#8243;]<\/p>\n<h3><span style=\"color: #008000;\"><strong><u>WRAPPY \u00a0M<\/u><\/strong><\/span><\/h3>\n<p><span>DESCRIPCION<a href=\"https:\/\/youtu.be\/wmy3l0Rs5p8\"> <span style=\"color: #1a9328;\">(ver video)<\/span><\/a><\/span><\/p>\n<p><span>Modelo de envolvedora c\u00f3modo y vers\u00e1til para envoltura en horizontal de diferentes tama\u00f1os de productos. Rotaci\u00f3n del anillo con transmisi\u00f3n por correa. Grupo pinza y corte neum\u00e1tico en frio. Regulaci\u00f3n del plano de trabajo. Gu\u00eda lateral individual.<\/span><\/p>\n<p><span>Di\u00e1metro de trabajo del anillo: 400, 600, 960, 1200 MM.<\/span><\/p>\n<p>Introducci\u00f3n de los productos a envolver de forma manual, ciclo de envolvimiento de forma manual con arrastre por parte del operario.<\/p>\n<p><strong><span>REGULACION PARAMETROS\u00a0<\/span><\/strong><\/p>\n<ul>\n<li><span>Start con pedal: 3\/5 giros, seleccionables desde el panel<\/span><\/li>\n<li><span><\/span><span>Detenci\u00f3n de emergencia<\/span><\/li>\n<li><span><\/span><span>Velocidad rotaci\u00f3n anillo mediante inverter<\/span><\/li>\n<li><span><\/span><span>Giros empaquetado<\/span><\/li>\n<li><span><\/span><span>Apertura\/cierre pinza\u00bb<\/span><\/li>\n<\/ul>\n<p>[\/et_pb_text][et_pb_divider show_divider=\u00bboff\u00bb disabled_on=\u00bbon|on|off%22&#8243; _builder_version=\u00bb4.16&#8243; max_width=\u00bb120px\u00bb animation_style=\u00bbslide\u00bb animation_direction=\u00bbtop\u00bb animation_intensity_slide=\u00bb30%\u00bb global_colors_info=\u00bb{}\u00bb][\/et_pb_divider][et_pb_text _builder_version=\u00bb4.19.0&#8243; _module_preset=\u00bbdefault\u00bb width=\u00bb82.3%\u00bb custom_margin=\u00bb-19px|-19px|-1px|1px|false|false\u00bb custom_padding=\u00bb0px||0px|0px|false|false\u00bb box_shadow_style=\u00bbpreset4&#8243; box_shadow_color=\u00bb#0c4719&#8243; global_colors_info=\u00bb{}\u00bb]<\/p>\n<h1><strong>Gama autom\u00e1tica<\/strong><\/h1>\n<p>[\/et_pb_text][et_pb_divider show_divider=\u00bboff\u00bb disabled_on=\u00bbon|on|off%22&#8243; _builder_version=\u00bb4.16&#8243; max_width=\u00bb120px\u00bb animation_style=\u00bbslide\u00bb animation_direction=\u00bbtop\u00bb animation_intensity_slide=\u00bb30%\u00bb global_colors_info=\u00bb{}\u00bb][\/et_pb_divider][et_pb_text _builder_version=\u00bb4.19.0&#8243; _module_preset=\u00bbdefault\u00bb width=\u00bb95.6%\u00bb min_height=\u00bb553px\u00bb custom_margin=\u00bb30px|||-4px||\u00bb custom_padding=\u00bb|13px||||\u00bb hover_enabled=\u00bb0&#8243; global_colors_info=\u00bb{}\u00bb sticky_enabled=\u00bb0&#8243;]<\/p>\n<h3><span style=\"color: #008000;\"><strong><u>WRAPPY\u00a0 \u00a0N<\/u><\/strong><\/span><\/h3>\n<p><span>DESCRIPCION <a href=\"https:\/\/youtu.be\/PSaPwHT9W6w\">(ver video)<\/a><\/span><span><\/span><\/p>\n<p>La gama Wrappy N se considera el punto de encuentro de dos tecnolog\u00edas. La flexibilidad necesaria para las m\u00e1quinas de l\u00ednea de alta velocidad y alto rendimiento, pasa a estar disponible en las m\u00e1quinas horizontales de gama media, para a\u00f1adirse a trabajos automatizados o l\u00edneas integradas.<\/p>\n<p>&nbsp;<\/p>\n<p>Panel de control con pantalla t\u00e1ctil<\/p>\n<p>Regulaci\u00f3n velocidad de rotaci\u00f3n con inverter<\/p>\n<p>Velocidad de arrastre controlada mediante variador de velocidad<\/p>\n<p>Fotoc\u00e9lula para detectar el producto en la entrada\/salida<\/p>\n<p>Envoltura en cabeza y cola con regulaci\u00f3n de tiempo<\/p>\n<p>Envoltura en bandas<\/p>\n<p>Envoltura con refuerzos<\/p>\n<p>Posibilidad de ancho de film de 125 mm., 250 mm. y doble bobina 250 mm.<\/p>\n<p>&nbsp;<\/p>\n<p>[\/et_pb_text][et_pb_text _builder_version=\u00bb4.16&#8243; _module_preset=\u00bbdefault\u00bb width=\u00bb82.3%\u00bb custom_margin=\u00bb-19px|103px|-1px|1px|false|false\u00bb custom_padding=\u00bb0px|83px|0px|0px|false|false\u00bb box_shadow_style=\u00bbpreset4&#8243; box_shadow_color=\u00bb#0c4719&#8243; global_colors_info=\u00bb{}\u00bb]<\/p>\n<h1><strong>Alta Producci\u00f3n<\/strong><\/h1>\n<p>[\/et_pb_text][et_pb_text _builder_version=\u00bb4.16&#8243; _module_preset=\u00bbdefault\u00bb width=\u00bb100%\u00bb min_height=\u00bb553px\u00bb custom_margin=\u00bb30px|||-4px||\u00bb custom_padding=\u00bb|13px||||\u00bb global_colors_info=\u00bb{}\u00bb]<\/p>\n<h3><span style=\"color: #008000;\"><strong><u>SPIROR<\/u><\/strong><\/span><\/h3>\n<p><span>DESCRIPCION<\/span><\/p>\n<p>Las m\u00e1quinas de la familia Spiror se colocan en los m\u00e1ximos niveles con respecto a la envoltura en espiral de productos con film estirable. Esta l\u00ednea de m\u00e1quinas de anillo giratorio ofrece altas prestaciones tanto con respecto a la elaboraci\u00f3n del producto como a su duraci\u00f3n.<br \/>La gama de las Spiror, fabricada seg\u00fan los alt\u00edsimos niveles de calidad y producci\u00f3n est\u00e1 compuesta tambi\u00e9n por las m\u00e1quinas 300, 400, 600 y 900. Las aplicaciones de estas m\u00e1quinas <span>\u00a0<\/span>son infinitas y la amplitud de opciones que se pueden seleccionar es otra de sus caracter\u00edsticas principales.<\/p>\n<p><strong>REGULACION PARAMETROS\u00a0<\/strong><\/p>\n<ul>\n<li>\n<p><span>Velocidad de rotaci\u00f3n de anillo<\/span><\/p>\n<\/li>\n<li>\n<p><span><\/span><span>Velocidad de arrastre del producto<\/span><\/p>\n<\/li>\n<li>\n<p><span><\/span><span>N\u00famero de vueltas de refuerzo (cabeza\/cola)<\/span><\/p>\n<\/li>\n<li>\n<p><span><\/span><span>Tiempos de inicio y final de envoltura producto (cabeza \/cola)<\/span><\/p>\n<\/li>\n<li>\n<p><span><\/span><span>Ciclo envolvimiento completo<\/span><\/p>\n<\/li>\n<li>\n<p><span><\/span><span>Ciclo envolvimiento a bandas<\/span><\/p>\n<\/li>\n<li>\n<p><span><\/span><span>Ciclo envolvimiento refuerzos (cabeza\/cola)<\/span><\/p>\n<\/li>\n<li>\n<p><span><\/span><span>Ciclo de paso sin envolvimiento<\/span><\/p>\n<\/li>\n<li>\n<p><span><\/span>Programas memorizables<\/p>\n<\/li>\n<\/ul>\n<p>[\/et_pb_text][\/et_pb_column][et_pb_column type=\u00bb1_2&#8243; _builder_version=\u00bb4.16&#8243; _module_preset=\u00bbdefault\u00bb global_colors_info=\u00bb{}\u00bb][et_pb_image src=\u00bbhttps:\/\/www.castillapack.es\/wp-content\/uploads\/2021\/04\/WRAPPY-M.png\u00bb title_text=\u00bbWRAPPY M\u00bb _builder_version=\u00bb4.19.0&#8243; _module_preset=\u00bbdefault\u00bb transform_scale=\u00bb94%|94%\u00bb global_colors_info=\u00bb{}\u00bb][\/et_pb_image][et_pb_image src=\u00bbhttps:\/\/www.castillapack.es\/wp-content\/uploads\/2021\/04\/WRAPPY-M2.png\u00bb title_text=\u00bbWRAPPY M2&#8243; _builder_version=\u00bb4.19.0&#8243; _module_preset=\u00bbdefault\u00bb transform_scale=\u00bb86%|86%\u00bb transform_translate=\u00bb-53px|-73px\u00bb global_colors_info=\u00bb{}\u00bb][\/et_pb_image][et_pb_image src=\u00bbhttps:\/\/www.castillapack.es\/wp-content\/uploads\/2025\/01\/WWRAPPYN.jpg\u00bb title_text=\u00bbWWRAPPYN\u00bb align=\u00bbcenter\u00bb _builder_version=\u00bb4.19.0&#8243; _module_preset=\u00bbdefault\u00bb custom_padding=\u00bb35px|||||\u00bb global_colors_info=\u00bb{}\u00bb][\/et_pb_image][et_pb_image src=\u00bbhttps:\/\/www.castillapack.es\/wp-content\/uploads\/2025\/01\/COMPLEMENTOS-WRAPPYN.jpg\u00bb title_text=\u00bbCOMPLEMENTOS WRAPPYN\u00bb _builder_version=\u00bb4.19.0&#8243; _module_preset=\u00bbdefault\u00bb transform_scale=\u00bb106%|106%\u00bb global_colors_info=\u00bb{}\u00bb][\/et_pb_image][et_pb_image src=\u00bbhttps:\/\/www.castillapack.es\/wp-content\/uploads\/2021\/04\/SPIROR.png\u00bb title_text=\u00bbSPIROR\u00bb align=\u00bbcenter\u00bb _builder_version=\u00bb4.16&#8243; _module_preset=\u00bbdefault\u00bb custom_padding=\u00bb151px|||||\u00bb global_colors_info=\u00bb{}\u00bb][\/et_pb_image][et_pb_image src=\u00bbhttps:\/\/www.castillapack.es\/wp-content\/uploads\/2021\/04\/SPIROR2.png\u00bb title_text=\u00bbSPIROR2&#8243; _builder_version=\u00bb4.16&#8243; _module_preset=\u00bbdefault\u00bb custom_margin=\u00bb52px|||||\u00bb global_colors_info=\u00bb{}\u00bb][\/et_pb_image][\/et_pb_column][\/et_pb_row][\/et_pb_section]<\/p>\n","protected":false},"excerpt":{"rendered":"<p>envolvedoras horizontalesGama ManualWRAPPY \u00a0M DESCRIPCION (ver video) Modelo de envolvedora c\u00f3modo y vers\u00e1til para envoltura en horizontal de diferentes tama\u00f1os de productos. Rotaci\u00f3n del anillo con transmisi\u00f3n por correa. Grupo pinza y corte neum\u00e1tico en frio. Regulaci\u00f3n del plano de trabajo. Gu\u00eda lateral individual. Di\u00e1metro de trabajo del anillo: 400, 600, 960, 1200 MM. Introducci\u00f3n [&hellip;]<\/p>\n","protected":false},"author":1,"featured_media":0,"parent":0,"menu_order":0,"comment_status":"closed","ping_status":"closed","template":"","meta":{"_et_pb_use_builder":"on","_et_pb_old_content":"<!-- wp:divi\/placeholder \/-->","_et_gb_content_width":"","footnotes":""},"class_list":["post-242","page","type-page","status-publish","hentry"],"_links":{"self":[{"href":"https:\/\/www.castillapack.es\/index.php?rest_route=\/wp\/v2\/pages\/242","targetHints":{"allow":["GET"]}}],"collection":[{"href":"https:\/\/www.castillapack.es\/index.php?rest_route=\/wp\/v2\/pages"}],"about":[{"href":"https:\/\/www.castillapack.es\/index.php?rest_route=\/wp\/v2\/types\/page"}],"author":[{"embeddable":true,"href":"https:\/\/www.castillapack.es\/index.php?rest_route=\/wp\/v2\/users\/1"}],"replies":[{"embeddable":true,"href":"https:\/\/www.castillapack.es\/index.php?rest_route=%2Fwp%2Fv2%2Fcomments&post=242"}],"version-history":[{"count":34,"href":"https:\/\/www.castillapack.es\/index.php?rest_route=\/wp\/v2\/pages\/242\/revisions"}],"predecessor-version":[{"id":1308,"href":"https:\/\/www.castillapack.es\/index.php?rest_route=\/wp\/v2\/pages\/242\/revisions\/1308"}],"wp:attachment":[{"href":"https:\/\/www.castillapack.es\/index.php?rest_route=%2Fwp%2Fv2%2Fmedia&parent=242"}],"curies":[{"name":"wp","href":"https:\/\/api.w.org\/{rel}","templated":true}]}}