{"id":247,"date":"2021-04-12T18:04:43","date_gmt":"2021-04-12T18:04:43","guid":{"rendered":"http:\/\/www.castillapack.es\/?page_id=247"},"modified":"2021-07-08T11:09:05","modified_gmt":"2021-07-08T11:09:05","slug":"precintadoras-de-cajas","status":"publish","type":"page","link":"https:\/\/www.castillapack.es\/?page_id=247","title":{"rendered":"Precintadoras de cajas"},"content":{"rendered":"<p>[et_pb_section fb_built=\u00bb1&#8243; admin_label=\u00bbHero\u00bb _builder_version=\u00bb3.22&#8243; background_image=\u00bbhttp:\/\/www.castillapack.es\/wp-content\/uploads\/2021\/03\/circle-background-pattern.png\u00bb custom_margin=\u00bb||-9px|||\u00bb custom_padding=\u00bb||0px|||\u00bb animation_style=\u00bbzoom\u00bb animation_intensity_zoom=\u00bb4%\u00bb][et_pb_row _builder_version=\u00bb3.25&#8243; background_size=\u00bbinitial\u00bb background_position=\u00bbtop_left\u00bb background_repeat=\u00bbrepeat\u00bb width=\u00bb84.8%\u00bb min_height=\u00bb12.9px\u00bb custom_padding=\u00bb||0px|||\u00bb animation_style=\u00bbslide\u00bb animation_direction=\u00bbtop\u00bb animation_intensity_slide=\u00bb3%\u00bb][et_pb_column type=\u00bb4_4&#8243; _builder_version=\u00bb3.25&#8243; custom_padding=\u00bb|||\u00bb custom_padding__hover=\u00bb|||\u00bb][et_pb_text _builder_version=\u00bb4.8.2&#8243; text_font=\u00bb||||||||\u00bb header_font=\u00bbMontserrat|700||on|||||dotted\u00bb header_text_color=\u00bb#353740&#8243; header_font_size=\u00bb60px\u00bb header_line_height=\u00bb1.3em\u00bb background_size=\u00bbinitial\u00bb background_position=\u00bbtop_left\u00bb background_repeat=\u00bbrepeat\u00bb custom_margin=\u00bb|2px|-4px|-53px||\u00bb custom_padding=\u00bb|1px||43px||\u00bb animation_style=\u00bbfade\u00bb header_font_size_last_edited=\u00bboff|desktop\u00bb locked=\u00bboff\u00bb disabled_on=\u00bbon|off|off\u00bb]<\/p>\n<h1 style=\"text-align: center;\"><span style=\"color: #32680c;\">PRECINTADORAS DE CAJAS<\/span><\/h1>\n<p>[\/et_pb_text][et_pb_divider show_divider=\u00bboff\u00bb disabled_on=\u00bbon|on|off%22&#8243; _builder_version=\u00bb3.2&#8243; max_width=\u00bb120px\u00bb animation_style=\u00bbslide\u00bb animation_direction=\u00bbtop\u00bb animation_intensity_slide=\u00bb30%\u00bb][\/et_pb_divider][\/et_pb_column][\/et_pb_row][et_pb_row _builder_version=\u00bb4.8.2&#8243; _module_preset=\u00bbdefault\u00bb width=\u00bb79.2%\u00bb min_height=\u00bb47.5px\u00bb custom_padding=\u00bb15px|0px||0px||\u00bb][et_pb_column type=\u00bb4_4&#8243; _builder_version=\u00bb4.8.2&#8243; _module_preset=\u00bbdefault\u00bb][et_pb_text _builder_version=\u00bb4.8.2&#8243; _module_preset=\u00bbdefault\u00bb module_alignment=\u00bbcenter\u00bb custom_margin=\u00bb-12px|-19px|-1px|-19px|false|false\u00bb custom_padding=\u00bb0px||0px|0px|false|false\u00bb box_shadow_style=\u00bbpreset4&#8243; box_shadow_color=\u00bb#0c4719&#8243;]<\/p>\n<h1><strong>Gama Semiautom\u00e1tica<\/strong><\/h1>\n<p>[\/et_pb_text][\/et_pb_column][\/et_pb_row][et_pb_row _builder_version=\u00bb4.8.2&#8243; _module_preset=\u00bbdefault\u00bb width=\u00bb87.2%\u00bb custom_padding=\u00bb||44px|0px||\u00bb][et_pb_column type=\u00bb4_4&#8243; _builder_version=\u00bb4.8.2&#8243; _module_preset=\u00bbdefault\u00bb][et_pb_text _builder_version=\u00bb4.8.2&#8243; _module_preset=\u00bbdefault\u00bb width=\u00bb95.6%\u00bb custom_margin=\u00bb|||-4px||\u00bb custom_padding=\u00bb|13px||||\u00bb]<\/p>\n<h3 style=\"text-align: justify;\"><span style=\"color: #008000;\"><strong><u>STICKER<\/u><\/strong><\/span><\/h3>\n<p><span>DESCRIPCION<\/span><\/p>\n<p style=\"text-align: justify;\"><span>La gama semiautom\u00e1tica re\u00fane todas las posibles prestaciones y versatilidades de una precintadora para cinta autoadhesiva. El ajuste manual de la m\u00e1quina al tama\u00f1o de la caja es muy sencillo y r\u00e1pido, basta con ajustar la manivela de altura, la de anchura y las gu\u00edas de caja, maniobra completa que se hace en algo m\u00e1s de 1 minuto. Una vez ajustada al tama\u00f1o de la caja a precintar, bastar\u00e1 con pulsar el bot\u00f3n de marcha y la m\u00e1quina estar\u00e1 lista para recibir cajas con las solapas inferiores cerradas, el producto dentro y las solapas superiores cerradas. Si se introduce la caja de esta manera, precintar\u00e1 el fondo y la parte superior de forma autom\u00e1tica. El cabezal inferior as\u00ed como el superior son f\u00e1cilmente removibles, para facilitar el cambio del precinto. La m\u00e1quina viene equipada con un tramo de rodillos de 500 mm. a la entrada y la salida y 4 ruedas con freno.<\/span><\/p>\n<p style=\"text-align: justify;\"><span>\u00a0<\/span><\/p>\n<p style=\"text-align: justify;\"><span>Dependiendo del arrastre (lateral \u00f3 superior\/inferior) y de las medidas de las cajas a precintar se distinguen varios modelos:<\/span><\/p>\n<p>[\/et_pb_text][et_pb_slider _builder_version=\u00bb4.8.2&#8243; _module_preset=\u00bbdefault\u00bb background_color=\u00bb#32680c\u00bb width=\u00bb93%\u00bb max_width=\u00bb93%\u00bb module_alignment=\u00bbcenter\u00bb box_shadow_style_image=\u00bbpreset1&#8243;][et_pb_slide heading=\u00bbSTICKER 50ME ARRASTRE LATERAL\u00bb image=\u00bbhttp:\/\/www.castillapack.es\/wp-content\/uploads\/2021\/04\/image044.jpg\u00bb _builder_version=\u00bb4.8.2&#8243; _module_preset=\u00bbdefault\u00bb sticky_transition=\u00bbon\u00bb][\/et_pb_slide][et_pb_slide heading=\u00bbSTICKER 50M \u2013 65M \u2013 80M ARRASTRE LATERAL\u00bb image=\u00bbhttp:\/\/www.castillapack.es\/wp-content\/uploads\/2021\/04\/image045.jpg\u00bb _builder_version=\u00bb4.8.2&#8243; _module_preset=\u00bbdefault\u00bb sticky_transition=\u00bbon\u00bb][\/et_pb_slide][et_pb_slide heading=\u00bbSTICKER 50TBDE ARRASTRE INFERIOR\/    SUPERIOR\u00bb image=\u00bbhttp:\/\/www.castillapack.es\/wp-content\/uploads\/2021\/04\/image046.jpg\u00bb _builder_version=\u00bb4.8.2&#8243; _module_preset=\u00bbdefault\u00bb sticky_transition=\u00bbon\u00bb][\/et_pb_slide][et_pb_slide heading=\u00bbSTICKER 50TBD \u2013 65TBD \u2013 80TBD ARRASTRE INFERIOR\/   SUPERIOR\u00bb image=\u00bbhttp:\/\/www.castillapack.es\/wp-content\/uploads\/2021\/04\/image047.jpg\u00bb _builder_version=\u00bb4.8.2&#8243; _module_preset=\u00bbdefault\u00bb sticky_transition=\u00bbon\u00bb][\/et_pb_slide][\/et_pb_slider][et_pb_divider show_divider=\u00bboff\u00bb disabled_on=\u00bbon|on|off%22&#8243; _builder_version=\u00bb3.2&#8243; max_width=\u00bb120px\u00bb animation_style=\u00bbslide\u00bb animation_direction=\u00bbtop\u00bb animation_intensity_slide=\u00bb30%\u00bb][\/et_pb_divider][et_pb_text _builder_version=\u00bb4.8.2&#8243; _module_preset=\u00bbdefault\u00bb module_alignment=\u00bbcenter\u00bb custom_margin=\u00bb-12px|-19px|-1px|-19px|false|false\u00bb custom_padding=\u00bb0px||0px|0px|false|false\u00bb box_shadow_style=\u00bbpreset4&#8243; box_shadow_color=\u00bb#0c4719&#8243;]<\/p>\n<h1><strong>Gama Autom\u00e1tica<\/strong><\/h1>\n<p>[\/et_pb_text][et_pb_divider show_divider=\u00bboff\u00bb disabled_on=\u00bbon|on|off%22&#8243; _builder_version=\u00bb3.2&#8243; max_width=\u00bb120px\u00bb animation_style=\u00bbslide\u00bb animation_direction=\u00bbtop\u00bb animation_intensity_slide=\u00bb30%\u00bb][\/et_pb_divider][\/et_pb_column][\/et_pb_row][et_pb_row column_structure=\u00bb1_2,1_2&#8243; _builder_version=\u00bb4.8.2&#8243; _module_preset=\u00bbdefault\u00bb width=\u00bb87.2%\u00bb custom_padding=\u00bb||44px|0px||\u00bb][et_pb_column type=\u00bb1_2&#8243; _builder_version=\u00bb4.8.2&#8243; _module_preset=\u00bbdefault\u00bb][et_pb_text _builder_version=\u00bb4.8.2&#8243; _module_preset=\u00bbdefault\u00bb width=\u00bb100%\u00bb]<\/p>\n<h3><span style=\"color: #008000;\"><strong><u>STICKER CF<\/u><\/strong><\/span><\/h3>\n<p><span>DESCRIPCION<\/span><\/p>\n<p style=\"text-align: justify;\"><span>La precintadora con cierre de solapas superiores modelo sticker CF re\u00fane todas las posibles prestaciones y versatilidades de una precintadora para cinta autoadhesiva. El ajuste manual de la m\u00e1quina al tama\u00f1o de la caja es muy sencillo y r\u00e1pido, basta con ajustar la manivela de altura, la de anchura y las gu\u00edas de solapa y caja, maniobra completa que se hace en 2 minutos. Una es ajustada al tama\u00f1o de la caja a precintar, bastar\u00e1 con pulsar el bot\u00f3n de marcha y la m\u00e1quina estar\u00e1 lista para recibir cajas con las solapas superiores abiertas. Si se desea la sticker CF precintar\u00e1 el fondo y cerrar\u00e1 las solapas superiores y las precintar\u00e1, todo esto de forma autom\u00e1tica. El cabezal inferior as\u00ed como el superior son f\u00e1cilmente removibles, para facilitar el cambio del precinto.<\/span><\/p>\n<p>[\/et_pb_text][\/et_pb_column][et_pb_column type=\u00bb1_2&#8243; _builder_version=\u00bb4.8.2&#8243; _module_preset=\u00bbdefault\u00bb][et_pb_image src=\u00bbhttp:\/\/www.castillapack.es\/wp-content\/uploads\/2021\/04\/image048.jpg\u00bb title_text=\u00bbimage048&#8243; _builder_version=\u00bb4.8.2&#8243; _module_preset=\u00bbdefault\u00bb][\/et_pb_image][\/et_pb_column][\/et_pb_row][et_pb_row column_structure=\u00bb1_2,1_2&#8243; _builder_version=\u00bb4.8.2&#8243; _module_preset=\u00bbdefault\u00bb width=\u00bb87.2%\u00bb custom_padding=\u00bb||44px|0px||\u00bb][et_pb_column type=\u00bb1_2&#8243; _builder_version=\u00bb4.8.2&#8243; _module_preset=\u00bbdefault\u00bb][et_pb_text _builder_version=\u00bb4.8.2&#8243; _module_preset=\u00bbdefault\u00bb]<\/p>\n<h3><span style=\"color: #008000;\"><strong><u>STICKER TBDA<\/u><\/strong><\/span><\/h3>\n<p><span>DESCRIPCION<\/span><\/p>\n<p><span>La precintadora modelo TBDA re\u00fane todas las posibles prestaciones y versatilidades de una precintadora para cinta autoadhesiva. El ajuste de la m\u00e1quina al tama\u00f1o de la caja es autom\u00e1tico, al presentarla a la entrada de la precintadora la detecta mediante un pulsador y se ajusta, por lo tanto se puede alimentar con cajas de diferentes tama\u00f1os intercaladas, bastar\u00e1 con pulsar el bot\u00f3n de marcha, y la m\u00e1quina estar\u00e1 lista para recibir cajas con las solapas inferiores cerradas, el producto dentro y las solapas superiores cerradas, Si se introduce la caja de esta manera la TBDA precintar\u00e1 el fondo y la parte superior de forma autom\u00e1tica. El cabezal inferior as\u00ed como el superior son f\u00e1cilmente removibles, para facilitar el cambio del precinto.<\/span><\/p>\n<p>[\/et_pb_text][\/et_pb_column][et_pb_column type=\u00bb1_2&#8243; _builder_version=\u00bb4.8.2&#8243; _module_preset=\u00bbdefault\u00bb][et_pb_image src=\u00bbhttp:\/\/www.castillapack.es\/wp-content\/uploads\/2021\/04\/image049.jpg\u00bb title_text=\u00bbimage049&#8243; _builder_version=\u00bb4.8.2&#8243; _module_preset=\u00bbdefault\u00bb custom_margin=\u00bb||6px|||\u00bb][\/et_pb_image][\/et_pb_column][\/et_pb_row][\/et_pb_section]<\/p>\n","protected":false},"excerpt":{"rendered":"<p>PRECINTADORAS DE CAJASGama Semiautom\u00e1ticaSTICKER DESCRIPCION La gama semiautom\u00e1tica re\u00fane todas las posibles prestaciones y versatilidades de una precintadora para cinta autoadhesiva. El ajuste manual de la m\u00e1quina al tama\u00f1o de la caja es muy sencillo y r\u00e1pido, basta con ajustar la manivela de altura, la de anchura y las gu\u00edas de caja, maniobra completa que [&hellip;]<\/p>\n","protected":false},"author":1,"featured_media":0,"parent":0,"menu_order":0,"comment_status":"closed","ping_status":"closed","template":"","meta":{"_et_pb_use_builder":"on","_et_pb_old_content":"<!-- wp:divi\/placeholder \/-->","_et_gb_content_width":"","footnotes":""},"class_list":["post-247","page","type-page","status-publish","hentry"],"_links":{"self":[{"href":"https:\/\/www.castillapack.es\/index.php?rest_route=\/wp\/v2\/pages\/247","targetHints":{"allow":["GET"]}}],"collection":[{"href":"https:\/\/www.castillapack.es\/index.php?rest_route=\/wp\/v2\/pages"}],"about":[{"href":"https:\/\/www.castillapack.es\/index.php?rest_route=\/wp\/v2\/types\/page"}],"author":[{"embeddable":true,"href":"https:\/\/www.castillapack.es\/index.php?rest_route=\/wp\/v2\/users\/1"}],"replies":[{"embeddable":true,"href":"https:\/\/www.castillapack.es\/index.php?rest_route=%2Fwp%2Fv2%2Fcomments&post=247"}],"version-history":[{"count":19,"href":"https:\/\/www.castillapack.es\/index.php?rest_route=\/wp\/v2\/pages\/247\/revisions"}],"predecessor-version":[{"id":1202,"href":"https:\/\/www.castillapack.es\/index.php?rest_route=\/wp\/v2\/pages\/247\/revisions\/1202"}],"wp:attachment":[{"href":"https:\/\/www.castillapack.es\/index.php?rest_route=%2Fwp%2Fv2%2Fmedia&parent=247"}],"curies":[{"name":"wp","href":"https:\/\/api.w.org\/{rel}","templated":true}]}}