{"id":542,"date":"2021-04-23T13:38:38","date_gmt":"2021-04-23T13:38:38","guid":{"rendered":"http:\/\/www.castillapack.es\/?page_id=542"},"modified":"2021-05-19T16:28:15","modified_gmt":"2021-05-19T16:28:15","slug":"retractiladoras","status":"publish","type":"page","link":"https:\/\/www.castillapack.es\/?page_id=542","title":{"rendered":"Retractiladora"},"content":{"rendered":"<p>[et_pb_section fb_built=\u00bb1&#8243; admin_label=\u00bbHero\u00bb _builder_version=\u00bb3.22&#8243; background_image=\u00bbhttp:\/\/www.castillapack.es\/wp-content\/uploads\/2021\/03\/circle-background-pattern.png\u00bb min_height=\u00bb3829.8px\u00bb custom_margin=\u00bb||-2px|||\u00bb custom_padding=\u00bb||82px|||\u00bb animation_style=\u00bbzoom\u00bb animation_intensity_zoom=\u00bb4%\u00bb][et_pb_row _builder_version=\u00bb4.8.2&#8243; background_size=\u00bbinitial\u00bb background_position=\u00bbtop_left\u00bb background_repeat=\u00bbrepeat\u00bb width=\u00bb95.1%\u00bb min_height=\u00bb12.9px\u00bb custom_padding=\u00bb||0px|||\u00bb animation_style=\u00bbslide\u00bb animation_direction=\u00bbtop\u00bb animation_intensity_slide=\u00bb3%\u00bb][et_pb_column type=\u00bb4_4&#8243; _builder_version=\u00bb3.25&#8243; custom_padding=\u00bb|||\u00bb custom_padding__hover=\u00bb|||\u00bb][et_pb_text _builder_version=\u00bb4.8.2&#8243; text_font=\u00bb||||||||\u00bb header_font=\u00bbMontserrat|700||on|||||dotted\u00bb header_text_color=\u00bb#353740&#8243; header_font_size=\u00bb60px\u00bb header_line_height=\u00bb1.3em\u00bb background_size=\u00bbinitial\u00bb background_position=\u00bbtop_left\u00bb background_repeat=\u00bbrepeat\u00bb module_alignment=\u00bbcenter\u00bb custom_margin=\u00bb|-118px|-4px|-53px||\u00bb custom_padding=\u00bb|1px||0px||\u00bb animation_style=\u00bbfade\u00bb header_font_size_last_edited=\u00bboff|desktop\u00bb locked=\u00bboff\u00bb]<\/p>\n<h1 style=\"text-align: center;\"><span style=\"color: #32680c;\">RETRACTILADORAS<\/span><\/h1>\n<p>[\/et_pb_text][et_pb_divider show_divider=\u00bboff\u00bb disabled_on=\u00bbon|on|off%22&#8243; _builder_version=\u00bb3.2&#8243; max_width=\u00bb120px\u00bb animation_style=\u00bbslide\u00bb animation_direction=\u00bbtop\u00bb animation_intensity_slide=\u00bb30%\u00bb][\/et_pb_divider][\/et_pb_column][\/et_pb_row][et_pb_row _builder_version=\u00bb4.8.2&#8243; _module_preset=\u00bbdefault\u00bb width=\u00bb79.2%\u00bb min_height=\u00bb47.5px\u00bb custom_padding=\u00bb15px|39px||0px||\u00bb][et_pb_column type=\u00bb4_4&#8243; _builder_version=\u00bb4.8.2&#8243; _module_preset=\u00bbdefault\u00bb][et_pb_text _builder_version=\u00bb4.8.2&#8243; _module_preset=\u00bbdefault\u00bb width=\u00bb73.4%\u00bb custom_margin=\u00bb-12px|-19px|-1px|3px|false|false\u00bb custom_padding=\u00bb0px||0px|0px|false|false\u00bb box_shadow_style=\u00bbpreset4&#8243; box_shadow_color=\u00bb#0c4719&#8243;]<\/p>\n<h1><strong>Gama Manual<\/strong><\/h1>\n<p>[\/et_pb_text][\/et_pb_column][\/et_pb_row][et_pb_row column_structure=\u00bb1_2,1_2&#8243; _builder_version=\u00bb4.8.2&#8243; _module_preset=\u00bbdefault\u00bb width=\u00bb87.2%\u00bb custom_padding=\u00bb||0px|0px||\u00bb][et_pb_column type=\u00bb1_2&#8243; _builder_version=\u00bb4.8.2&#8243; _module_preset=\u00bbdefault\u00bb][et_pb_text _builder_version=\u00bb4.8.2&#8243; _module_preset=\u00bbdefault\u00bb text_line_height=\u00bb1.2em\u00bb width=\u00bb95.6%\u00bb custom_margin=\u00bb|||-4px||\u00bb custom_padding=\u00bb|0px||||\u00bb locked=\u00bboff\u00bb]<\/p>\n<h3 style=\"text-align: left;\"><span style=\"color: #008000;\"><strong><u>RETRACTILADORA DE CAMPANA<\/u><\/strong><\/span><\/h3>\n<p><span>DESCRIPCION<\/span><\/p>\n<p><span>Sistema de soldadura y termo retracci\u00f3n en una sola operaci\u00f3n.<\/span><\/p>\n<p><span>Soldadura mediante lama teflonada.<\/span><\/p>\n<p><span>Plano de confecci\u00f3n y soporte bobina regulables, seg\u00fan las dimensiones del paquete.<\/span><\/p>\n<p><span>Electroim\u00e1n de detenci\u00f3n campana.<\/span><\/p>\n<p><span>Reapertura autom\u00e1tica de la campana.<\/span><\/p>\n<p><span>Panel de control con visor LCD alfanum\u00e9rico y microprocesador a 8 bit<\/span><span> que permite un control simple y al mismo tiempo esmerado de todas las operaciones en curso, como: <\/span><\/p>\n<p><span>El estado de la m\u00e1quina.<\/span><\/p>\n<p><span>El n\u00famero de paquetes producidos con contador de piezas electr\u00f3nico<\/span><\/p>\n<p><span>Regulaci\u00f3n electr\u00f3nica de la temperatura de soldadura.<\/span><\/p>\n<p><span>Retardo retracci\u00f3n para pel\u00edculas sensibles<\/span><\/p>\n<p><span>Regulaci\u00f3n del tiempo de retracci\u00f3n.<\/span><\/p>\n<p><span>Regulaci\u00f3n del avance de la cinta motorizada (mayor rendimiento)<\/span><\/p>\n<p><span>Regulaci\u00f3n de la temperatura de la c\u00e1mara de retracci\u00f3n.<\/span><\/p>\n<p><span>Posibilidad de memorizar hasta 6 diferentes programas de trabajo<\/span><\/p>\n<p><span>Indicaci\u00f3n de posibles fallos.<\/span><\/p>\n<p>[\/et_pb_text][\/et_pb_column][et_pb_column type=\u00bb1_2&#8243; _builder_version=\u00bb4.8.2&#8243; _module_preset=\u00bbdefault\u00bb][et_pb_image src=\u00bbhttp:\/\/www.castillapack.es\/wp-content\/uploads\/2021\/04\/image063.jpg\u00bb title_text=\u00bbimage063&#8243; align=\u00bbright\u00bb _builder_version=\u00bb4.8.2&#8243; _module_preset=\u00bbdefault\u00bb custom_margin=\u00bb49px||||false|false\u00bb locked=\u00bboff\u00bb][\/et_pb_image][\/et_pb_column][\/et_pb_row][et_pb_row column_structure=\u00bb1_2,1_2&#8243; _builder_version=\u00bb4.8.2&#8243; _module_preset=\u00bbdefault\u00bb width=\u00bb87.2%\u00bb custom_padding=\u00bb||0px|0px||\u00bb][et_pb_column type=\u00bb1_2&#8243; _builder_version=\u00bb4.8.2&#8243; _module_preset=\u00bbdefault\u00bb][et_pb_text _builder_version=\u00bb4.8.2&#8243; _module_preset=\u00bbdefault\u00bb text_line_height=\u00bb1.2em\u00bb width=\u00bb95.6%\u00bb custom_margin=\u00bb|-4px||-4px||\u00bb custom_padding=\u00bb|0px||||\u00bb locked=\u00bboff\u00bb]<\/p>\n<h3><span style=\"text-decoration: underline; color: #008000;\"><strong>SOLDADORA EN L + HORNO RETRACTILADO<\/strong><\/span><\/h3>\n<p><span>DESCRIPCION<\/span><\/p>\n<p><span>Panel LCD (electr\u00f3nico) de f\u00e1cil manejo.<\/span><\/p>\n<p><span>Microprocesador con posibilidad de memorizar 6 funciones diferentes.<\/span><\/p>\n<p><span>Suelda mediante Lama de soldadura teflonada capaz de trabajar con polietileno y poliolefina<\/span><span> (es de mayor durabilidad y ofrece una soldadura mas estable que el hilo de nicr\u00f3n)<\/span><\/p>\n<p><span>Regulaci\u00f3n de temperatura de soldadura.<\/span><\/p>\n<p><span>Maquina extremadamente segura, la lama soldante (cuchilla) se encuentra debajo, si el cuadro de soldadura baja y da en la mano del operario no le lastima.<\/span><\/p>\n<p><span>Posibilidad de embalar paquetes \u00fanicos o multipacks.<\/span><\/p>\n<p><span>Sistema de soldadura a ciclo continuo<\/span><span> (podemos programar la bajada autom\u00e1tica del brazo de soldadura a intervalos de tiempo) \u2013 le marcamos el ritmo de trabajo al operario.<\/span><\/p>\n<p><span>O bajada del cuadro de soldadura mediante pulsador.<\/span><\/p>\n<p><span>Plano de trabajo de la m\u00e1quina y el t\u00fanel regulables en altura (con un solo ajuste regulamos el plano de trabajo de los dos m\u00f3dulos).<\/span><\/p>\n<p><span>Introducci\u00f3n del paquete en el t\u00fanel mediante cinta motorizada.<\/span><\/p>\n<p><span>Recogida autom\u00e1tica del residuo del film.<\/span><\/p>\n<p><span>Velocidad de las cinta transportadora regulable desde el panel.<\/span><\/p>\n<p><span>Estad\u00edsticas de proceso: contador de piezas.<\/span><\/p>\n<p><span>\u00a0<\/span><\/p>\n<p>[\/et_pb_text][\/et_pb_column][et_pb_column type=\u00bb1_2&#8243; _builder_version=\u00bb4.8.2&#8243; _module_preset=\u00bbdefault\u00bb][et_pb_image src=\u00bbhttp:\/\/www.castillapack.es\/wp-content\/uploads\/2021\/04\/image064.jpg\u00bb title_text=\u00bbimage064&#8243; align=\u00bbright\u00bb _builder_version=\u00bb4.8.2&#8243; _module_preset=\u00bbdefault\u00bb width=\u00bb100%\u00bb custom_margin=\u00bb25px||||false|false\u00bb custom_padding=\u00bb|0px|3px|0px||\u00bb locked=\u00bboff\u00bb][\/et_pb_image][et_pb_text _builder_version=\u00bb4.8.2&#8243; _module_preset=\u00bbdefault\u00bb custom_margin=\u00bb-14px||||false|false\u00bb custom_padding=\u00bb|0px||||\u00bb locked=\u00bboff\u00bb]<\/p>\n<p><strong><span>TUNEL RETRACCION<\/span><\/strong><\/p>\n<p><span>\u00a0<\/span><\/p>\n<p><span>T\u00fanel de retracci\u00f3n con sistema de transporte de rodillos de silicona<\/span><\/p>\n<p><span>Incorpora regulaci\u00f3n electr\u00f3nica de temperatura y velocidad.<\/span><\/p>\n<p><span>Posee deflectores para la regulaci\u00f3n del flujo de aire.<\/span><\/p>\n<p><span>Apagado autom\u00e1tico del t\u00fanel.<\/span><\/p>\n<p>[\/et_pb_text][\/et_pb_column][\/et_pb_row][et_pb_row column_structure=\u00bb1_2,1_2&#8243; _builder_version=\u00bb4.8.2&#8243; _module_preset=\u00bbdefault\u00bb width=\u00bb87.2%\u00bb custom_margin=\u00bb23px||||false|false\u00bb custom_padding=\u00bb||0px|0px||\u00bb][et_pb_column type=\u00bb1_2&#8243; _builder_version=\u00bb4.8.2&#8243; _module_preset=\u00bbdefault\u00bb][et_pb_text _builder_version=\u00bb4.8.2&#8243; _module_preset=\u00bbdefault\u00bb custom_margin=\u00bb28px|74px|-4px|-1px|false|false\u00bb custom_padding=\u00bb48px|1px|0px|0px|false|false\u00bb box_shadow_style=\u00bbpreset4&#8243; box_shadow_color=\u00bb#0c4719&#8243; locked=\u00bboff\u00bb]<\/p>\n<h1><strong>Gama Autom\u00e1tica<\/strong><\/h1>\n<p>[\/et_pb_text][et_pb_text _builder_version=\u00bb4.8.2&#8243; _module_preset=\u00bbdefault\u00bb text_line_height=\u00bb1.2em\u00bb width=\u00bb95.6%\u00bb custom_margin=\u00bb35px|-4px||-4px|false|false\u00bb custom_padding=\u00bb|0px||0px||\u00bb locked=\u00bboff\u00bb]<\/p>\n<h3><span style=\"text-decoration: underline; color: #008000;\"><strong>ANGULAR AUTOM\u00c1TICA + HORNO RETRACTILADO<\/strong><\/span><\/h3>\n<p><span>DESCRIPCION<\/span><\/p>\n<p><span>Panel LCD (electr\u00f3nico) de f\u00e1cil manejo, con pasword para evitar cambios no deseados en la configuraci\u00f3n.<\/span><\/p>\n<p><span>Microprocesador con posibilidad de memorizar 20 funciones diferentes.<\/span><\/p>\n<p><span>Cuchilla de soldadura teflonada capaz de trabajar con polietileno y poliolefina.<\/span><\/p>\n<p><span>Control autom\u00e1tico de la apertura de las barras de soldadura.<\/span><\/p>\n<p><span>Doble regulaci\u00f3n de la temperatura de soldadura, en longitud y en anchura de la cuchilla.<\/span><\/p>\n<p><span>Regulaci\u00f3n de la altura de la barra soldante de 80 a 170 mm.<\/span><\/p>\n<p><span>Regulaci\u00f3n del tiempo de soldadura.<\/span><\/p>\n<p><span>Posibilidad de embalar paquetes \u00fanicos o multi-packs (introducimos las medidas del paquete y activamos la funci\u00f3n multi-pack, la m\u00e1quina confeccionar\u00e1 una bolsa exactamente igual, separando los paquetes de forma autom\u00e1tica \u2013 aunque vengan pegados).<\/span><\/p>\n<p><span>Dispositivo de acercamiento de las cintas transportadoras (cinta retr\u00e1ctil).<\/span><\/p>\n<p><span>Posibilidad de separar autom\u00e1ticamente los productos a una distancia m\u00ednima de 10 mm.<\/span><\/p>\n<p><span>Velocidad de las cintas transportadoras regulables desde el panel, cintas independientes.<\/span><\/p>\n<p><span>Retroceso de la cinta de salida al momento de soldar, para evitar tensiones en productos altos.<\/span><\/p>\n<p><span><\/span><\/p>\n<p>&nbsp;<\/p>\n<p>[\/et_pb_text][\/et_pb_column][et_pb_column type=\u00bb1_2&#8243; _builder_version=\u00bb4.8.2&#8243; _module_preset=\u00bbdefault\u00bb][et_pb_image src=\u00bbhttp:\/\/www.castillapack.es\/wp-content\/uploads\/2021\/04\/image065.jpg\u00bb title_text=\u00bbimage065&#8243; align=\u00bbright\u00bb _builder_version=\u00bb4.8.2&#8243; _module_preset=\u00bbdefault\u00bb width=\u00bb100%\u00bb min_height=\u00bb383px\u00bb custom_margin=\u00bb74px||||false|false\u00bb custom_padding=\u00bb|0px|3px|0px||\u00bb locked=\u00bboff\u00bb][\/et_pb_image][\/et_pb_column][\/et_pb_row][et_pb_row column_structure=\u00bb1_2,1_2&#8243; _builder_version=\u00bb4.8.2&#8243; _module_preset=\u00bbdefault\u00bb width=\u00bb87.2%\u00bb custom_padding=\u00bb||0px|0px||\u00bb][et_pb_column type=\u00bb1_2&#8243; _builder_version=\u00bb4.8.2&#8243; _module_preset=\u00bbdefault\u00bb][et_pb_divider show_divider=\u00bboff\u00bb disabled_on=\u00bbon|on|off%22&#8243; _builder_version=\u00bb3.2&#8243; max_width=\u00bb120px\u00bb animation_style=\u00bbslide\u00bb animation_direction=\u00bbtop\u00bb animation_intensity_slide=\u00bb30%\u00bb][\/et_pb_divider][et_pb_text _builder_version=\u00bb4.8.2&#8243; _module_preset=\u00bbdefault\u00bb custom_margin=\u00bb-6px|101px|-4px|-1px|false|false\u00bb custom_padding=\u00bb0px|1px|0px|0px|false|false\u00bb box_shadow_style=\u00bbpreset4&#8243; box_shadow_color=\u00bb#0c4719&#8243; locked=\u00bboff\u00bb]<\/p>\n<h1><strong>Enfajadoras<\/strong><\/h1>\n<p>[\/et_pb_text][et_pb_text _builder_version=\u00bb4.8.2&#8243; _module_preset=\u00bbdefault\u00bb text_line_height=\u00bb1.2em\u00bb width=\u00bb100%\u00bb custom_margin=\u00bb63px|-62px||||\u00bb custom_padding=\u00bb|0px||||\u00bb locked=\u00bboff\u00bb]<\/p>\n<h3><span style=\"color: #008000;\"><strong><u>SEMIAUTOM\u00c1TICA<\/u><\/strong><\/span><\/h3>\n<p><span>DESCRIPCION<\/span><\/p>\n<p><span>Carga semi-autom\u00e1tica del producto, el operario coloca el pack en la entrada frontal y presiona dos botones para accionar el pist\u00f3n que introduce el pack.<\/span><\/p>\n<p><span>Barra soldante con movimiento neum\u00e1tico, ancho de corte y sellado: 760 mm.<\/span><\/p>\n<p><span>Corte film con cuchilla fr\u00eda con movimiento neum\u00e1tico.<\/span><\/p>\n<p><span>Barra soldante prevista de sensores de seguridad.<\/span><\/p>\n<p><span>Rodillos posicionados en los desbobinadores superiores e inferiores para facilitar la carga de la bobina.<\/span><\/p>\n<p><span>Escala m\u00e9trica para el centrado de las bobinas.<\/span><\/p>\n<p><span>Podemos trabajar con productos sueltos o en bandeja<\/span><\/p>\n<p><span>Sistema de control electr\u00f3nico Flextron provisto de:<\/span><\/p>\n<ul>\n<li><span>panel de comando LCD alfanum\u00e9rico con tarjeta de microprocesador con 16 bit con secci\u00f3n de potencia modular compuesta por:<\/span><\/li>\n<li><span>tarjeta potencia (Power Base)<\/span><\/li>\n<li><span>tarjetas inverter independientes<\/span><\/li>\n<li><span>m\u00f3dulos de comando IN\/OUT\u00a0 (entrada\/salida).<\/span><\/li>\n<\/ul>\n<p><span><\/span><\/p>\n<p><span>\u00a0<\/span><\/p>\n<p>[\/et_pb_text][et_pb_divider show_divider=\u00bboff\u00bb disabled_on=\u00bbon|on|off%22&#8243; _builder_version=\u00bb3.2&#8243; max_width=\u00bb120px\u00bb animation_style=\u00bbslide\u00bb animation_direction=\u00bbtop\u00bb animation_intensity_slide=\u00bb30%\u00bb][\/et_pb_divider][\/et_pb_column][et_pb_column type=\u00bb1_2&#8243; _builder_version=\u00bb4.8.2&#8243; _module_preset=\u00bbdefault\u00bb][et_pb_text _builder_version=\u00bb4.8.2&#8243; _module_preset=\u00bbdefault\u00bb custom_margin=\u00bb-44px||||false|false\u00bb]<\/p>\n<p><strong>Estad\u00edsticas de proceso: <\/strong><\/p>\n<ul>\n<li><span>contador de piezas<\/span><\/li>\n<li><span>medici\u00f3n de la longitud del paquete<\/span><\/li>\n<li><span>producci\u00f3n instant\u00e1nea<\/span><\/li>\n<li><span>rendimiento de la m\u00e1quina<\/span><\/li>\n<li><span>control de los paquetes irregulares (con anomal\u00eda)<\/span><\/li>\n<li><span>Porta bobina ubicado en la parte inferior y cerrado con puerta de acceso (evitamos esfuerzos del operario y preservamos la limpieza del film ).<\/span><\/li>\n<li><span>T\u00fanel con regulaci\u00f3n electr\u00f3nica de temperatura y velocidad.<\/span><\/li>\n<li><span>Posee deflectores para la regulaci\u00f3n del flujo de aire.<\/span><\/li>\n<li><span>Apagado autom\u00e1tico del t\u00fanel.<\/span><\/li>\n<\/ul>\n<p>[\/et_pb_text][et_pb_image src=\u00bbhttp:\/\/www.castillapack.es\/wp-content\/uploads\/2021\/04\/image066.jpg\u00bb title_text=\u00bbimage066&#8243; align=\u00bbright\u00bb _builder_version=\u00bb4.8.2&#8243; _module_preset=\u00bbdefault\u00bb custom_padding=\u00bb|||47px||\u00bb locked=\u00bboff\u00bb][\/et_pb_image][\/et_pb_column][\/et_pb_row][et_pb_row column_structure=\u00bb1_2,1_2&#8243; use_custom_gutter=\u00bbon\u00bb gutter_width=\u00bb2&#8243; _builder_version=\u00bb4.8.2&#8243; _module_preset=\u00bbdefault\u00bb width=\u00bb89%\u00bb max_width=\u00bb1686px\u00bb max_height=\u00bb1000px\u00bb custom_margin=\u00bb-19px|-23px||19px|false|false\u00bb][et_pb_column type=\u00bb1_2&#8243; _builder_version=\u00bb4.8.2&#8243; _module_preset=\u00bbdefault\u00bb][et_pb_text _builder_version=\u00bb4.8.2&#8243; _module_preset=\u00bbdefault\u00bb text_line_height=\u00bb1.2em\u00bb width=\u00bb100%\u00bb custom_margin=\u00bb-6px|-62px||||\u00bb custom_padding=\u00bb|0px||||\u00bb]<\/p>\n<h3><span style=\"color: #008000;\"><strong><u>AUTOM\u00c1TICA<\/u><\/strong><\/span><\/h3>\n<p><span>DESCRIPCION<\/span><\/p>\n<p><span>Mordaza de 760 mm. de ancho<\/span><\/p>\n<p><span>Barra soldante neum\u00e1tica, con corte del film mediante cuchilla fr\u00eda<\/span><\/p>\n<p><span>Longitud m\u00e1xima de paquete 2.000 mm.<\/span><\/p>\n<p><span>Capacidad de producci\u00f3n m\u00e1xima: 22 ptes. x minuto<\/span><\/p>\n<p><span>Cinta de entrada con velocidad variable controlada mediante inverter.<\/span><\/p>\n<p><span>Cinta intermedia, de conexi\u00f3n con el t\u00fanel, con velocidad variable controlada por inverter.<\/span><\/p>\n<p><span>Desbobinado superior motorizado, controlado por invertir<\/span><\/p>\n<p><span>Desbobinado inferior motorizado.<\/span><\/p>\n<p><span>Escala m\u00e9trica para el centrado de las bobinas<\/span><\/p>\n<p><span>Funcionamiento mediante lectura del producto por fotoc\u00e9lula o por longitud de paquete<\/span><\/p>\n<p><span>Funcionamiento en modalidad autom\u00e1tica, semiautom\u00e1tica o paso libre.<\/span><\/p>\n<p><span>Panel de mando digital, con electr\u00f3nica Flextron<\/span><\/p>\n<p><span>T\u00fanel de retracci\u00f3n<\/span><\/p>\n<p><span>T\u00fanel de retracci\u00f3n monoc\u00e1mara.<\/span><\/p>\n<p><span>Cinta transportador del t\u00fanel controlada por invertir (velocidad variable).<\/span><\/p>\n<p><span>Flujo de aire del t\u00fanel regulable mediante deflactores independientes ubicados a la entrada y salida del t\u00fanel.<\/span><\/p>\n<p><span>Incluye turbina para enfriar el paquete a la salida del t\u00fanel<\/span><\/p>\n<p><span>\u00a0<\/span><\/p>\n<p>[\/et_pb_text][\/et_pb_column][et_pb_column type=\u00bb1_2&#8243; _builder_version=\u00bb4.8.2&#8243; _module_preset=\u00bbdefault\u00bb][et_pb_text _builder_version=\u00bb4.8.2&#8243; _module_preset=\u00bbdefault\u00bb text_line_height=\u00bb1.1em\u00bb custom_margin=\u00bb-29px||||false|false\u00bb locked=\u00bboff\u00bb custom_padding=\u00bb||0px|||\u00bb]<\/p>\n<p><span>Este sistema permite un control sencillo y meticuloso de todas las operaciones de la m\u00e1quina.<\/span><\/p>\n<p><span>Posibilidad de memorizar 20 programas de trabajo<\/span><\/p>\n<p><span>Regulaci\u00f3n velocidad de las cinta transportadora del t\u00fanel<\/span><\/p>\n<p><span>Capacidad productiva m\u00e1xima hasta 10 ppm. (esto depende directamente del tipo de agrupaci\u00f3n y del tama\u00f1o de la misma).<\/span><\/p>\n<p><span>Empujador para introducci\u00f3n de los productos, de accionamiento neum\u00e1tico.<\/span><\/p>\n<p><span>Desbobinador superior e inferior motorizados.<\/span><\/p>\n<p><span>La m\u00e1quina incluye ruedas para facilitar su desplazamiento.<\/span><\/p>\n<p><span>Flujo de aire en el t\u00fanel regulable por deflectores independientes.<\/span><\/p>\n<p><span>Cinta transportadora del t\u00fanel con barras de fibra de vidrio de alta resistencia al calor, dotada de cadena central de tracci\u00f3n para garantizar una buena tracci\u00f3n de productos pesados.<\/span><\/p>\n<p><span>T\u00fanel mono c\u00e1mara<\/span><\/p>\n<p><span>Sistema autom\u00e1tico de apagado del t\u00fanel.<\/span><\/p>\n<p>[\/et_pb_text][et_pb_image src=\u00bbhttp:\/\/www.castillapack.es\/wp-content\/uploads\/2021\/04\/image067.jpg\u00bb title_text=\u00bbimage067&#8243; align=\u00bbright\u00bb _builder_version=\u00bb4.8.2&#8243; _module_preset=\u00bbdefault\u00bb custom_margin=\u00bb35px|||||\u00bb custom_padding=\u00bb|||47px||\u00bb locked=\u00bboff\u00bb][\/et_pb_image][\/et_pb_column][\/et_pb_row][\/et_pb_section]<\/p>\n","protected":false},"excerpt":{"rendered":"<p>RETRACTILADORASGama ManualRETRACTILADORA DE CAMPANA DESCRIPCION Sistema de soldadura y termo retracci\u00f3n en una sola operaci\u00f3n. Soldadura mediante lama teflonada. Plano de confecci\u00f3n y soporte bobina regulables, seg\u00fan las dimensiones del paquete. Electroim\u00e1n de detenci\u00f3n campana. Reapertura autom\u00e1tica de la campana. Panel de control con visor LCD alfanum\u00e9rico y microprocesador a 8 bit que permite un [&hellip;]<\/p>\n","protected":false},"author":1,"featured_media":0,"parent":0,"menu_order":0,"comment_status":"closed","ping_status":"closed","template":"","meta":{"_et_pb_use_builder":"on","_et_pb_old_content":"<!-- wp:divi\/placeholder \/-->","_et_gb_content_width":"","footnotes":""},"class_list":["post-542","page","type-page","status-publish","hentry"],"_links":{"self":[{"href":"https:\/\/www.castillapack.es\/index.php?rest_route=\/wp\/v2\/pages\/542","targetHints":{"allow":["GET"]}}],"collection":[{"href":"https:\/\/www.castillapack.es\/index.php?rest_route=\/wp\/v2\/pages"}],"about":[{"href":"https:\/\/www.castillapack.es\/index.php?rest_route=\/wp\/v2\/types\/page"}],"author":[{"embeddable":true,"href":"https:\/\/www.castillapack.es\/index.php?rest_route=\/wp\/v2\/users\/1"}],"replies":[{"embeddable":true,"href":"https:\/\/www.castillapack.es\/index.php?rest_route=%2Fwp%2Fv2%2Fcomments&post=542"}],"version-history":[{"count":19,"href":"https:\/\/www.castillapack.es\/index.php?rest_route=\/wp\/v2\/pages\/542\/revisions"}],"predecessor-version":[{"id":1135,"href":"https:\/\/www.castillapack.es\/index.php?rest_route=\/wp\/v2\/pages\/542\/revisions\/1135"}],"wp:attachment":[{"href":"https:\/\/www.castillapack.es\/index.php?rest_route=%2Fwp%2Fv2%2Fmedia&parent=542"}],"curies":[{"name":"wp","href":"https:\/\/api.w.org\/{rel}","templated":true}]}}