{"id":545,"date":"2021-04-23T13:38:59","date_gmt":"2021-04-23T13:38:59","guid":{"rendered":"http:\/\/www.castillapack.es\/?page_id=545"},"modified":"2021-05-20T11:04:02","modified_gmt":"2021-05-20T11:04:02","slug":"fajadoras","status":"publish","type":"page","link":"https:\/\/www.castillapack.es\/?page_id=545","title":{"rendered":"Fajadoras"},"content":{"rendered":"<p>[et_pb_section fb_built=\u00bb1&#8243; admin_label=\u00bbHero\u00bb _builder_version=\u00bb3.22&#8243; background_image=\u00bbhttp:\/\/www.castillapack.es\/wp-content\/uploads\/2021\/03\/circle-background-pattern.png\u00bb custom_margin=\u00bb||-34px|||\u00bb custom_padding=\u00bb8px||0px|||\u00bb animation_style=\u00bbzoom\u00bb animation_intensity_zoom=\u00bb4%\u00bb][et_pb_row _builder_version=\u00bb3.25&#8243; background_size=\u00bbinitial\u00bb background_position=\u00bbtop_left\u00bb background_repeat=\u00bbrepeat\u00bb width=\u00bb84.8%\u00bb min_height=\u00bb12.9px\u00bb custom_padding=\u00bb||1px|||\u00bb animation_style=\u00bbslide\u00bb animation_direction=\u00bbtop\u00bb animation_intensity_slide=\u00bb3%\u00bb][et_pb_column type=\u00bb4_4&#8243; _builder_version=\u00bb3.25&#8243; custom_padding=\u00bb|||\u00bb custom_padding__hover=\u00bb|||\u00bb][et_pb_text _builder_version=\u00bb4.8.2&#8243; text_font=\u00bb||||||||\u00bb header_font=\u00bbMontserrat|700||on|||||dotted\u00bb header_text_color=\u00bb#353740&#8243; header_font_size=\u00bb60px\u00bb header_line_height=\u00bb1.3em\u00bb background_size=\u00bbinitial\u00bb background_position=\u00bbtop_left\u00bb background_repeat=\u00bbrepeat\u00bb custom_margin=\u00bb|-118px|-4px|-53px||\u00bb custom_padding=\u00bb|1px||0px||\u00bb animation_style=\u00bbfade\u00bb hover_enabled=\u00bb0&#8243; header_font_size_last_edited=\u00bboff|desktop\u00bb locked=\u00bboff\u00bb sticky_enabled=\u00bb0&#8243;]<\/p>\n<h1 style=\"text-align: center;\"><span style=\"color: #32680c;\">fajadoras<\/span><\/h1>\n<p>[\/et_pb_text][et_pb_divider show_divider=\u00bboff\u00bb disabled_on=\u00bbon|on|off%22&#8243; _builder_version=\u00bb3.2&#8243; max_width=\u00bb120px\u00bb animation_style=\u00bbslide\u00bb animation_direction=\u00bbtop\u00bb animation_intensity_slide=\u00bb30%\u00bb][\/et_pb_divider][\/et_pb_column][\/et_pb_row][et_pb_row _builder_version=\u00bb4.8.2&#8243; _module_preset=\u00bbdefault\u00bb width=\u00bb79.2%\u00bb min_height=\u00bb47.5px\u00bb custom_padding=\u00bb15px|0px||0px||\u00bb custom_margin=\u00bb|auto||18px||\u00bb][et_pb_column type=\u00bb4_4&#8243; _builder_version=\u00bb4.8.2&#8243; _module_preset=\u00bbdefault\u00bb][et_pb_text _builder_version=\u00bb4.8.2&#8243; _module_preset=\u00bbdefault\u00bb custom_margin=\u00bb-15px|7px|-1px|25px|false|false\u00bb custom_padding=\u00bb0px|0px|0px|1px|false|false\u00bb hover_enabled=\u00bb0&#8243; box_shadow_style=\u00bbpreset4&#8243; box_shadow_color=\u00bb#0c4719&#8243; sticky_enabled=\u00bb0&#8243;]<\/p>\n<h1><strong>Gama Semiautom\u00e1tica<\/strong><\/h1>\n<p>[\/et_pb_text][\/et_pb_column][\/et_pb_row][et_pb_row column_structure=\u00bb1_2,1_2&#8243; _builder_version=\u00bb4.8.2&#8243; _module_preset=\u00bbdefault\u00bb width=\u00bb87.2%\u00bb custom_padding=\u00bb||0px|0px||\u00bb][et_pb_column type=\u00bb1_2&#8243; _builder_version=\u00bb4.8.2&#8243; _module_preset=\u00bbdefault\u00bb][et_pb_text _builder_version=\u00bb4.8.2&#8243; _module_preset=\u00bbdefault\u00bb text_line_height=\u00bb1.9em\u00bb width=\u00bb95.6%\u00bb custom_margin=\u00bb|||-4px||\u00bb custom_padding=\u00bb|13px||||\u00bb]<\/p>\n<p><span>DESCRIPCION<\/span><\/p>\n<p style=\"text-align: justify;\">Las m\u00e1quinas fajadoras est\u00e1n disponibles en varios formatos de arco de diferentes anchura y altura. La anchura del canal tambi\u00e9n puede variar para procesar los diversos anchos de las bandas ( 28, 40, 48, 60, 75, 100,125 y 150mm). Las m\u00e1quinas est\u00e1ndar Bandall resultan muy eficientes tanto en el rendimiento manual como para la instalaci\u00f3n en l\u00edneas de producci\u00f3n totalmente autom\u00e1ticas. Bajo petici\u00f3n, se pueden integrar: porta-bobinas laterales, prensas de sujeci\u00f3n, sistema de posicionamiento, disponibles en acero inoxidable, impresoras de datos, etc&#8230;<\/p>\n<p style=\"text-align: justify;\"><span>Fiables e inofensivos para el medio ambiente, gracias a su tecnolog\u00eda patentada \u00fanica<\/span><\/p>\n<p style=\"text-align: justify;\"><span>Alta capacidad de producci\u00f3n<\/span><\/p>\n<p><span>F\u00e1cil de usar con su sencilla tecnolog\u00eda<\/span><\/p>\n<p><span>Bajos costes en mantenimiento y consumo de energ\u00eda<\/span><\/p>\n<p><span>Gran reducci\u00f3n en materiales, gracias a bandas muy finas<\/span><\/p>\n<p><span>Limpias, sin olor y sin humo gracias al sistema \u201c Ultra Seal Clean \u201c<\/span><\/p>\n<p><span>Gracias a sus ruedas es f\u00e1cil de mover<\/span><\/p>\n<p>[\/et_pb_text][et_pb_image src=\u00bbhttp:\/\/www.castillapack.es\/wp-content\/uploads\/2021\/04\/image069.jpg\u00bb title_text=\u00bbimage069&#8243; align=\u00bbcenter\u00bb _builder_version=\u00bb4.8.2&#8243; _module_preset=\u00bbdefault\u00bb width=\u00bb63.1%\u00bb custom_padding=\u00bb|0px||||\u00bb locked=\u00bboff\u00bb][\/et_pb_image][et_pb_divider show_divider=\u00bboff\u00bb disabled_on=\u00bbon|on|off%22&#8243; _builder_version=\u00bb3.2&#8243; max_width=\u00bb120px\u00bb animation_style=\u00bbslide\u00bb animation_direction=\u00bbtop\u00bb animation_intensity_slide=\u00bb30%\u00bb][\/et_pb_divider][et_pb_divider show_divider=\u00bboff\u00bb disabled_on=\u00bbon|on|off%22&#8243; _builder_version=\u00bb3.2&#8243; max_width=\u00bb120px\u00bb animation_style=\u00bbslide\u00bb animation_direction=\u00bbtop\u00bb animation_intensity_slide=\u00bb30%\u00bb][\/et_pb_divider][\/et_pb_column][et_pb_column type=\u00bb1_2&#8243; _builder_version=\u00bb4.8.2&#8243; _module_preset=\u00bbdefault\u00bb][et_pb_image src=\u00bbhttp:\/\/www.castillapack.es\/wp-content\/uploads\/2021\/04\/image071.jpg\u00bb title_text=\u00bbimage071&#8243; _builder_version=\u00bb4.8.2&#8243; _module_preset=\u00bbdefault\u00bb width=\u00bb75.7%\u00bb][\/et_pb_image][et_pb_image src=\u00bbhttp:\/\/www.castillapack.es\/wp-content\/uploads\/2021\/04\/image068.jpg\u00bb title_text=\u00bbimage068&#8243; align=\u00bbcenter\u00bb _builder_version=\u00bb4.8.2&#8243; _module_preset=\u00bbdefault\u00bb width=\u00bb63.1%\u00bb custom_margin=\u00bb-40px||||false|false\u00bb][\/et_pb_image][et_pb_image src=\u00bbhttp:\/\/www.castillapack.es\/wp-content\/uploads\/2021\/04\/image070.jpg\u00bb title_text=\u00bbimage070&#8243; align=\u00bbcenter\u00bb _builder_version=\u00bb4.8.2&#8243; _module_preset=\u00bbdefault\u00bb width=\u00bb63.1%\u00bb custom_margin=\u00bb-35px||||false|false\u00bb locked=\u00bboff\u00bb][\/et_pb_image][\/et_pb_column][\/et_pb_row][et_pb_row _builder_version=\u00bb4.8.2&#8243; _module_preset=\u00bbdefault\u00bb column_structure=\u00bb1_2,1_2&#8243; width=\u00bb87.2%\u00bb custom_padding=\u00bb||88px|0px||\u00bb][et_pb_column _builder_version=\u00bb4.8.2&#8243; _module_preset=\u00bbdefault\u00bb type=\u00bb1_2&#8243;][et_pb_text _builder_version=\u00bb4.8.2&#8243; _module_preset=\u00bbdefault\u00bb width=\u00bb91%\u00bb custom_margin=\u00bb-19px|187px|-1px|1px|false|false\u00bb custom_padding=\u00bb0px|83px|0px|0px|false|false\u00bb hover_enabled=\u00bb0&#8243; box_shadow_style=\u00bbpreset4&#8243; box_shadow_color=\u00bb#0c4719&#8243; locked=\u00bboff\u00bb sticky_enabled=\u00bb0&#8243;]<\/p>\n<h1 style=\"text-align: left;\"><strong>Gama Autom\u00e1tica<\/strong><\/h1>\n<p>[\/et_pb_text][et_pb_text _builder_version=\u00bb4.8.2&#8243; _module_preset=\u00bbdefault\u00bb width=\u00bb95.6%\u00bb min_height=\u00bb414px\u00bb custom_margin=\u00bb-17px||3px|-4px||\u00bb custom_padding=\u00bb48px|13px|0px|||\u00bb locked=\u00bboff\u00bb]<\/p>\n<p><span>DESCRIPCION<\/span><\/p>\n<p style=\"text-align: justify;\"><span>Los sistemas totalmente automatizados de fajado cumplen pr\u00e1cticamente todos los requisitos de embalar y fajar. La unidad base es est\u00e1ndar, pero gracias a las numerosas posibilidades opcionales y modulares, cada m\u00e1quina puede ser dise\u00f1ada completamente de acuerdo con los requisitos del cliente. Esta elecci\u00f3n se determina en gran medida por la manera en la que el producto se dirige y sit\u00faa en la l\u00ednea de producci\u00f3n. Hay una soluci\u00f3n de fajado para cada situaci\u00f3n. Todos los modelos totalmente automatizados ofrecen un excelente rendimiento. Tanto en la industria alimentaria como en la farmac\u00e9utica. Las instalaciones de fajado se integran perfectamente en cualquier l\u00ednea de producci\u00f3n ya existente.<\/span><\/p>\n<p>[\/et_pb_text][et_pb_image src=\u00bbhttp:\/\/www.castillapack.es\/wp-content\/uploads\/2021\/04\/image073.jpg\u00bb title_text=\u00bbimage073&#8243; align=\u00bbcenter\u00bb _builder_version=\u00bb4.8.2&#8243; _module_preset=\u00bbdefault\u00bb width=\u00bb80.1%\u00bb locked=\u00bboff\u00bb][\/et_pb_image][et_pb_image src=\u00bbhttp:\/\/www.castillapack.es\/wp-content\/uploads\/2021\/04\/image075.jpg\u00bb title_text=\u00bbimage075&#8243; align=\u00bbcenter\u00bb _builder_version=\u00bb4.8.2&#8243; _module_preset=\u00bbdefault\u00bb width=\u00bb100%\u00bb custom_margin=\u00bb|||47px|false|false\u00bb custom_padding=\u00bb|0px||0px||\u00bb locked=\u00bboff\u00bb][\/et_pb_image][et_pb_image src=\u00bbhttp:\/\/www.castillapack.es\/wp-content\/uploads\/2021\/04\/image077.jpg\u00bb title_text=\u00bbimage077&#8243; align=\u00bbcenter\u00bb _builder_version=\u00bb4.8.2&#8243; _module_preset=\u00bbdefault\u00bb width=\u00bb80.1%\u00bb custom_margin=\u00bb|||47px|false|false\u00bb locked=\u00bboff\u00bb][\/et_pb_image][\/et_pb_column][et_pb_column _builder_version=\u00bb4.8.2&#8243; _module_preset=\u00bbdefault\u00bb type=\u00bb1_2&#8243;][et_pb_image src=\u00bbhttp:\/\/www.castillapack.es\/wp-content\/uploads\/2021\/04\/image072.jpg\u00bb title_text=\u00bbimage072&#8243; align=\u00bbcenter\u00bb _builder_version=\u00bb4.8.2&#8243; _module_preset=\u00bbdefault\u00bb custom_margin=\u00bb25px||||false|false\u00bb custom_padding=\u00bb18px|||||\u00bb locked=\u00bboff\u00bb][\/et_pb_image][et_pb_image src=\u00bbhttp:\/\/www.castillapack.es\/wp-content\/uploads\/2021\/04\/image074.jpg\u00bb title_text=\u00bbimage074&#8243; align=\u00bbcenter\u00bb _builder_version=\u00bb4.8.2&#8243; _module_preset=\u00bbdefault\u00bb width=\u00bb63.1%\u00bb custom_margin=\u00bb-35px||||false|false\u00bb locked=\u00bboff\u00bb][\/et_pb_image][et_pb_image src=\u00bbhttp:\/\/www.castillapack.es\/wp-content\/uploads\/2021\/04\/image076.jpg\u00bb title_text=\u00bbimage076&#8243; align=\u00bbcenter\u00bb _builder_version=\u00bb4.8.2&#8243; _module_preset=\u00bbdefault\u00bb width=\u00bb79.5%\u00bb custom_margin=\u00bb|-1px||||\u00bb custom_padding=\u00bb||40px|||\u00bb locked=\u00bboff\u00bb][\/et_pb_image][\/et_pb_column][\/et_pb_row][\/et_pb_section]<\/p>\n","protected":false},"excerpt":{"rendered":"<p>fajadorasGama Semiautom\u00e1ticaDESCRIPCION Las m\u00e1quinas fajadoras est\u00e1n disponibles en varios formatos de arco de diferentes anchura y altura. La anchura del canal tambi\u00e9n puede variar para procesar los diversos anchos de las bandas ( 28, 40, 48, 60, 75, 100,125 y 150mm). Las m\u00e1quinas est\u00e1ndar Bandall resultan muy eficientes tanto en el rendimiento manual como para [&hellip;]<\/p>\n","protected":false},"author":1,"featured_media":0,"parent":0,"menu_order":0,"comment_status":"closed","ping_status":"closed","template":"","meta":{"_et_pb_use_builder":"on","_et_pb_old_content":"<!-- wp:divi\/placeholder \/-->","_et_gb_content_width":"","footnotes":""},"class_list":["post-545","page","type-page","status-publish","hentry"],"_links":{"self":[{"href":"https:\/\/www.castillapack.es\/index.php?rest_route=\/wp\/v2\/pages\/545","targetHints":{"allow":["GET"]}}],"collection":[{"href":"https:\/\/www.castillapack.es\/index.php?rest_route=\/wp\/v2\/pages"}],"about":[{"href":"https:\/\/www.castillapack.es\/index.php?rest_route=\/wp\/v2\/types\/page"}],"author":[{"embeddable":true,"href":"https:\/\/www.castillapack.es\/index.php?rest_route=\/wp\/v2\/users\/1"}],"replies":[{"embeddable":true,"href":"https:\/\/www.castillapack.es\/index.php?rest_route=%2Fwp%2Fv2%2Fcomments&post=545"}],"version-history":[{"count":14,"href":"https:\/\/www.castillapack.es\/index.php?rest_route=\/wp\/v2\/pages\/545\/revisions"}],"predecessor-version":[{"id":1140,"href":"https:\/\/www.castillapack.es\/index.php?rest_route=\/wp\/v2\/pages\/545\/revisions\/1140"}],"wp:attachment":[{"href":"https:\/\/www.castillapack.es\/index.php?rest_route=%2Fwp%2Fv2%2Fmedia&parent=545"}],"curies":[{"name":"wp","href":"https:\/\/api.w.org\/{rel}","templated":true}]}}