{"id":547,"date":"2021-04-23T13:39:18","date_gmt":"2021-04-23T13:39:18","guid":{"rendered":"http:\/\/www.castillapack.es\/?page_id=547"},"modified":"2025-01-22T12:16:02","modified_gmt":"2025-01-22T12:16:02","slug":"compactadores-de-residuos","status":"publish","type":"page","link":"https:\/\/www.castillapack.es\/?page_id=547","title":{"rendered":"Compactadores de Residuos"},"content":{"rendered":"<p>[et_pb_section fb_built=\u00bb1&#8243; admin_label=\u00bbHero\u00bb _builder_version=\u00bb4.16&#8243; background_image=\u00bbhttps:\/\/www.castillapack.es\/wp-content\/uploads\/2021\/03\/circle-background-pattern.png\u00bb min_height=\u00bb6724.5px\u00bb custom_margin=\u00bb||185px|||\u00bb custom_padding=\u00bb||385px|||\u00bb animation_style=\u00bbzoom\u00bb animation_intensity_zoom=\u00bb4%\u00bb global_colors_info=\u00bb{}\u00bb][et_pb_row _builder_version=\u00bb4.16&#8243; background_size=\u00bbinitial\u00bb background_position=\u00bbtop_left\u00bb background_repeat=\u00bbrepeat\u00bb width=\u00bb84.8%\u00bb min_height=\u00bb341px\u00bb custom_margin=\u00bb|auto|-72px|auto||\u00bb custom_padding=\u00bb||88px|||\u00bb animation_style=\u00bbslide\u00bb animation_direction=\u00bbtop\u00bb animation_intensity_slide=\u00bb3%\u00bb hover_enabled=\u00bb0&#8243; global_colors_info=\u00bb{}\u00bb sticky_enabled=\u00bb0&#8243;][et_pb_column type=\u00bb4_4&#8243; _builder_version=\u00bb4.16&#8243; custom_padding=\u00bb|||\u00bb global_colors_info=\u00bb{}\u00bb custom_padding__hover=\u00bb|||\u00bb][et_pb_text _builder_version=\u00bb4.19.0&#8243; text_font=\u00bb||||||||\u00bb header_font=\u00bbMontserrat|700||on|||||dotted\u00bb header_text_color=\u00bb#353740&#8243; header_font_size=\u00bb60px\u00bb header_line_height=\u00bb1.3em\u00bb background_size=\u00bbinitial\u00bb background_position=\u00bbtop_left\u00bb background_repeat=\u00bbrepeat\u00bb width=\u00bb100%\u00bb custom_margin=\u00bb|-118px|-4px|-10px||\u00bb custom_padding=\u00bb|46px|39px|0px||\u00bb animation_style=\u00bbfade\u00bb hover_enabled=\u00bb0&#8243; header_font_size_last_edited=\u00bboff|desktop\u00bb locked=\u00bboff\u00bb global_colors_info=\u00bb{}\u00bb max_width=\u00bb95%\u00bb sticky_enabled=\u00bb0&#8243; transform_translate=\u00bb49px|-42px\u00bb]<\/p>\n<h1 style=\"text-align: center;\"><span style=\"color: #32680c; font-size: xx-large;\">Compactadoras de Residuos<\/span><\/h1>\n<p style=\"text-align: justify;\"><span style=\"color: #000000;\"><span style=\"font-size: large;\">Las<\/span> <span style=\"font-size: medium;\">prensas fabricadas por HSM reducen el espacio ocupado por materiales sobrantes y residuos hasta en un 95 %. Con ello ahorrar\u00e1 un espacio valioso, que de otro modo quedar\u00eda ocupado por materiales voluminosos. Adem\u00e1s, convertir\u00e1 sus residuos en materia prima mediante balas de materiales clasificados, que se reintegrar\u00e1n en el ciclo del reciclado. Las balas poseen, a partir de un cierto peso, un valor de mercado superior al del material sin compactar. Puede ser que no tenga que volver a pagar por gestionar sus residuos, sino que obtenga beneficios en el mejor de los casos<\/span><\/span><\/p>\n<p>[\/et_pb_text][et_pb_divider show_divider=\u00bboff\u00bb disabled_on=\u00bbon|on|off%22&#8243; _builder_version=\u00bb4.16&#8243; max_width=\u00bb120px\u00bb animation_style=\u00bbslide\u00bb animation_direction=\u00bbtop\u00bb animation_intensity_slide=\u00bb30%\u00bb global_colors_info=\u00bb{}\u00bb][\/et_pb_divider][\/et_pb_column][\/et_pb_row][et_pb_row _builder_version=\u00bb4.16&#8243; _module_preset=\u00bbdefault\u00bb width=\u00bb79.2%\u00bb min_height=\u00bb47.5px\u00bb custom_padding=\u00bb15px|1px||0px||\u00bb global_colors_info=\u00bb{}\u00bb][et_pb_column type=\u00bb4_4&#8243; _builder_version=\u00bb4.16&#8243; _module_preset=\u00bbdefault\u00bb global_colors_info=\u00bb{}\u00bb][et_pb_text _builder_version=\u00bb4.19.0&#8243; _module_preset=\u00bbdefault\u00bb width=\u00bb96.7%\u00bb custom_margin=\u00bb-12px|-31px|-1px|0px|false|false\u00bb custom_padding=\u00bb0px|108px|0px|0px|false|false\u00bb hover_enabled=\u00bb0&#8243; box_shadow_style=\u00bbpreset4&#8243; box_shadow_color=\u00bb#0c4719&#8243; global_colors_info=\u00bb{}\u00bb sticky_enabled=\u00bb0&#8243;]<\/p>\n<h1 style=\"text-align: left;\"><strong>Prensas de balas verticales &#8211; para ahorrar espacio\u00a0 en la eliminaci\u00f3n de residuos<\/strong><\/h1>\n<p>[\/et_pb_text][et_pb_text _builder_version=\u00bb4.19.0&#8243; _module_preset=\u00bbdefault\u00bb text_line_height=\u00bb1.9em\u00bb width=\u00bb100%\u00bb custom_margin=\u00bb35px|||-4px|false|false\u00bb custom_padding=\u00bb|0px||||\u00bb locked=\u00bboff\u00bb global_colors_info=\u00bb{}\u00bb]<\/p>\n<p><span>DESCRIPCION <a href=\"https:\/\/youtu.be\/roMqsAkt16s\"><span style=\"color: #1a9328;\">(ver video)<\/span><\/a><\/span><\/p>\n<p>Descubra c\u00f3mo la HSM V-Press maximiza la eficiencia de su eliminaci\u00f3n de residuos y ahorra espacio y costes al mismo tiempo. Esta fiable prensa compacta cart\u00f3n, film y otros materiales en balas compactas y reduce el volumen hasta un 95%. Gracias a su sencillo manejo y a su robusto dise\u00f1o, es una inversi\u00f3n que merece la pena. Mejore la gesti\u00f3n de sus residuos, reduzca los costes de eliminaci\u00f3n y cree un valioso espacio en su empresa.<\/p>\n<p>&nbsp;<\/p>\n<p><strong>MODELOS<\/strong><\/p>\n<p><strong>HMS V-PRESS 60 Prensa manual<\/strong><\/p>\n<p>La vers\u00e1til prensa de balas m\u00f3vil, prensa l\u00e1minas y material de embalaje ligero en el lugar donde se generan los desechos.<\/p>\n<p>[\/et_pb_text][\/et_pb_column][\/et_pb_row][et_pb_row _builder_version=\u00bb4.19.0&#8243; _module_preset=\u00bbdefault\u00bb width=\u00bb87.2%\u00bb custom_padding=\u00bb||24px|39px||\u00bb global_colors_info=\u00bb{}\u00bb][et_pb_column type=\u00bb4_4&#8243; _builder_version=\u00bb4.16&#8243; _module_preset=\u00bbdefault\u00bb global_colors_info=\u00bb{}\u00bb][et_pb_divider show_divider=\u00bboff\u00bb disabled_on=\u00bbon|on|off%22&#8243; _builder_version=\u00bb4.16&#8243; max_width=\u00bb120px\u00bb animation_style=\u00bbslide\u00bb animation_direction=\u00bbtop\u00bb animation_intensity_slide=\u00bb30%\u00bb global_colors_info=\u00bb{}\u00bb][\/et_pb_divider][et_pb_image src=\u00bbhttps:\/\/www.castillapack.es\/wp-content\/uploads\/2025\/01\/HSMVPRESS60.jpg\u00bb title_text=\u00bbHSMVPRESS60&#8243; align=\u00bbcenter\u00bb _builder_version=\u00bb4.19.0&#8243; _module_preset=\u00bbdefault\u00bb transform_scale=\u00bb122%|122%\u00bb width=\u00bb100%\u00bb custom_padding=\u00bb|0px||||\u00bb locked=\u00bboff\u00bb global_colors_info=\u00bb{}\u00bb][\/et_pb_image][et_pb_image src=\u00bbhttps:\/\/www.castillapack.es\/wp-content\/uploads\/2025\/01\/PRENSAVERTICALMODEL1.jpg\u00bb title_text=\u00bbPRENSAVERTICALMODEL1&#8243; align=\u00bbcenter\u00bb _builder_version=\u00bb4.19.0&#8243; _module_preset=\u00bbdefault\u00bb global_colors_info=\u00bb{}\u00bb][\/et_pb_image][et_pb_image src=\u00bbhttps:\/\/www.castillapack.es\/wp-content\/uploads\/2025\/01\/PRENSAVERTICALMODEL2.jpg\u00bb title_text=\u00bbPRENSAVERTICALMODEL2&#8243; align=\u00bbcenter\u00bb _builder_version=\u00bb4.19.0&#8243; _module_preset=\u00bbdefault\u00bb global_colors_info=\u00bb{}\u00bb][\/et_pb_image][\/et_pb_column][\/et_pb_row][et_pb_row _builder_version=\u00bb4.19.0&#8243; _module_preset=\u00bbdefault\u00bb global_colors_info=\u00bb{}\u00bb][et_pb_column type=\u00bb4_4&#8243; _builder_version=\u00bb4.19.0&#8243; _module_preset=\u00bbdefault\u00bb global_colors_info=\u00bb{}\u00bb][et_pb_image src=\u00bbhttps:\/\/www.castillapack.es\/wp-content\/uploads\/2025\/01\/PRENSAVERTICALMODEL3.jpg\u00bb title_text=\u00bbPRENSAVERTICALMODEL3&#8243; align=\u00bbcenter\u00bb _builder_version=\u00bb4.19.0&#8243; _module_preset=\u00bbdefault\u00bb transform_translate=\u00bb18px|-20px\u00bb global_colors_info=\u00bb{}\u00bb][\/et_pb_image][\/et_pb_column][\/et_pb_row][et_pb_row _builder_version=\u00bb4.19.0&#8243; _module_preset=\u00bbdefault\u00bb global_colors_info=\u00bb{}\u00bb][et_pb_column type=\u00bb4_4&#8243; _builder_version=\u00bb4.19.0&#8243; _module_preset=\u00bbdefault\u00bb global_colors_info=\u00bb{}\u00bb][et_pb_image src=\u00bbhttps:\/\/www.castillapack.es\/wp-content\/uploads\/2025\/01\/PRENSAVERTICALMODEL4.jpg\u00bb title_text=\u00bbPRENSAVERTICALMODEL4&#8243; align=\u00bbcenter\u00bb _builder_version=\u00bb4.19.0&#8243; _module_preset=\u00bbdefault\u00bb transform_translate=\u00bb27px|-4px\u00bb global_colors_info=\u00bb{}\u00bb][\/et_pb_image][\/et_pb_column][\/et_pb_row][et_pb_row _builder_version=\u00bb4.19.0&#8243; _module_preset=\u00bbdefault\u00bb global_colors_info=\u00bb{}\u00bb][et_pb_column type=\u00bb4_4&#8243; _builder_version=\u00bb4.19.0&#8243; _module_preset=\u00bbdefault\u00bb global_colors_info=\u00bb{}\u00bb][et_pb_image src=\u00bbhttps:\/\/www.castillapack.es\/wp-content\/uploads\/2025\/01\/PRENSAVERTICALMODEL5.jpg\u00bb title_text=\u00bbPRENSAVERTICALMODEL5&#8243; align=\u00bbcenter\u00bb _builder_version=\u00bb4.19.0&#8243; _module_preset=\u00bbdefault\u00bb transform_translate=\u00bb28px|-35px\u00bb global_colors_info=\u00bb{}\u00bb][\/et_pb_image][\/et_pb_column][\/et_pb_row][et_pb_row _builder_version=\u00bb4.16&#8243; _module_preset=\u00bbdefault\u00bb width=\u00bb79.2%\u00bb min_height=\u00bb47.5px\u00bb custom_padding=\u00bb15px|1px||0px||\u00bb locked=\u00bboff\u00bb global_colors_info=\u00bb{}\u00bb][et_pb_column type=\u00bb4_4&#8243; _builder_version=\u00bb4.16&#8243; _module_preset=\u00bbdefault\u00bb global_colors_info=\u00bb{}\u00bb][et_pb_text _builder_version=\u00bb4.19.0&#8243; _module_preset=\u00bbdefault\u00bb width=\u00bb95.1%\u00bb custom_margin=\u00bb-12px|86px|-1px|0px|false|false\u00bb custom_padding=\u00bb0px|21px|0px|0px|false|false\u00bb box_shadow_style=\u00bbpreset4&#8243; box_shadow_color=\u00bb#0c4719&#8243; global_colors_info=\u00bb{}\u00bb]<\/p>\n<h1><strong>Prensas de balas horizontales &#8211; \u00f3ptimo empacado de materiales muy expansivos y voluminosos<\/strong><\/h1>\n<p>[\/et_pb_text][et_pb_text _builder_version=\u00bb4.19.0&#8243; _module_preset=\u00bbdefault\u00bb text_line_height=\u00bb1.9em\u00bb width=\u00bb100%\u00bb custom_margin=\u00bb35px|||-4px|false|false\u00bb custom_padding=\u00bb|0px||||\u00bb locked=\u00bboff\u00bb global_colors_info=\u00bb{}\u00bb]<\/p>\n<p><span>DESCRIPCION <a href=\"https:\/\/youtu.be\/84LQ3S-_59U\"><span style=\"color: #1a9328;\">(ver video)<\/span><\/a><\/span><\/p>\n<p>Adem\u00e1s de papel, cart\u00f3n y l\u00e1minas, las prensas de balas horizontales HSM son adecuadas para el empacado de materiales de gran expansi\u00f3n. Gracias a la abertura de alimentaci\u00f3n especialmente grande, incluso los materiales grandes y voluminosos no suponen ning\u00fan problema. Tambi\u00e9n es posible el llenado autom\u00e1tico. La reducida altura total facilita el montaje y el manejo de la prensa.<\/p>\n<p>[\/et_pb_text][\/et_pb_column][\/et_pb_row][et_pb_row _builder_version=\u00bb4.19.0&#8243; _module_preset=\u00bbdefault\u00bb width=\u00bb87.2%\u00bb max_height=\u00bb756px\u00bb custom_padding=\u00bb||0px|39px||\u00bb locked=\u00bboff\u00bb global_colors_info=\u00bb{}\u00bb][et_pb_column type=\u00bb4_4&#8243; _builder_version=\u00bb4.16&#8243; _module_preset=\u00bbdefault\u00bb global_colors_info=\u00bb{}\u00bb][et_pb_image src=\u00bbhttps:\/\/www.castillapack.es\/wp-content\/uploads\/2025\/01\/PRENSA-BALA-HORIZONTALjpg.jpg\u00bb title_text=\u00bbPRENSA BALA HORIZONTALjpg\u00bb align=\u00bbcenter\u00bb _builder_version=\u00bb4.19.0&#8243; _module_preset=\u00bbdefault\u00bb width=\u00bb100%\u00bb custom_padding=\u00bb|0px||||\u00bb locked=\u00bboff\u00bb global_colors_info=\u00bb{}\u00bb][\/et_pb_image][et_pb_divider show_divider=\u00bboff\u00bb disabled_on=\u00bbon|on|off%22&#8243; _builder_version=\u00bb4.16&#8243; max_width=\u00bb120px\u00bb animation_style=\u00bbslide\u00bb animation_direction=\u00bbtop\u00bb animation_intensity_slide=\u00bb30%\u00bb global_colors_info=\u00bb{}\u00bb][\/et_pb_divider][\/et_pb_column][\/et_pb_row][et_pb_row _builder_version=\u00bb4.16&#8243; _module_preset=\u00bbdefault\u00bb width=\u00bb79.2%\u00bb min_height=\u00bb47.5px\u00bb custom_padding=\u00bb15px|1px||0px||\u00bb locked=\u00bboff\u00bb global_colors_info=\u00bb{}\u00bb][et_pb_column type=\u00bb4_4&#8243; _builder_version=\u00bb4.16&#8243; _module_preset=\u00bbdefault\u00bb global_colors_info=\u00bb{}\u00bb][et_pb_text _builder_version=\u00bb4.19.0&#8243; _module_preset=\u00bbdefault\u00bb width=\u00bb99.1%\u00bb custom_margin=\u00bb-12px|-40px|-1px|0px|false|false\u00bb custom_padding=\u00bb0px|21px|0px|0px|false|false\u00bb box_shadow_style=\u00bbpreset4&#8243; box_shadow_color=\u00bb#0c4719&#8243; global_colors_info=\u00bb{}\u00bb]<\/p>\n<h1><strong>Maquinas para producci\u00f3n de relleno y protecci\u00f3n de embalajes a partir de los residuos de cart\u00f3n generado<\/strong><span style=\"font-size: 14px; color: #666666;\">\u00a0<\/span><\/h1>\n<p>[\/et_pb_text][et_pb_text _builder_version=\u00bb4.19.0&#8243; _module_preset=\u00bbdefault\u00bb transform_translate=\u00bb15px|40px\u00bb global_colors_info=\u00bb{}\u00bb]<\/p>\n<p>DESCRIPCION <a href=\"https:\/\/youtu.be\/9xlXbpGl5mA\"><span style=\"color: #1a9328;\">(ver video)<\/span><\/a><\/p>\n<p>Las m\u00e1quinas de embalaje HSM ProfiPack C400 y P425 convierten el cart\u00f3n usado en un material de embalaje universal que cumple con las m\u00e1s altas exigencias, en un abrir y cerrar de ojos. Puede prescindir del pl\u00e1stico y ser independiente. Puede ahorrarse el costoso material de relleno \u2013 \u00a1sin almacenamiento, sin manipulaci\u00f3n, sin costes!<\/p>\n<p>[\/et_pb_text][\/et_pb_column][\/et_pb_row][et_pb_row _builder_version=\u00bb4.19.0&#8243; _module_preset=\u00bbdefault\u00bb width=\u00bb30%\u00bb max_width=\u00bb930px\u00bb custom_padding=\u00bb||4px|||\u00bb global_colors_info=\u00bb{}\u00bb][et_pb_column type=\u00bb4_4&#8243; _builder_version=\u00bb4.16&#8243; _module_preset=\u00bbdefault\u00bb global_colors_info=\u00bb{}\u00bb][et_pb_image src=\u00bbhttps:\/\/www.castillapack.es\/wp-content\/uploads\/2025\/01\/MAQUINARELLENO1.jpg\u00bb title_text=\u00bbMAQUINARELLENO1&#8243; _builder_version=\u00bb4.19.0&#8243; _module_preset=\u00bbdefault\u00bb global_colors_info=\u00bb{}\u00bb][\/et_pb_image][et_pb_image src=\u00bbhttps:\/\/www.castillapack.es\/wp-content\/uploads\/2025\/01\/MAQUINARELLENO2.jpg\u00bb title_text=\u00bbMAQUINARELLENO2&#8243; _builder_version=\u00bb4.19.0&#8243; _module_preset=\u00bbdefault\u00bb transform_scale=\u00bb202%|202%\u00bb transform_translate=\u00bb16px|80px\u00bb global_colors_info=\u00bb{}\u00bb][\/et_pb_image][\/et_pb_column][\/et_pb_row][et_pb_row _builder_version=\u00bb4.19.0&#8243; _module_preset=\u00bbdefault\u00bb transform_translate=\u00bb-11px|-229px\u00bb custom_margin=\u00bb280px|auto||auto||\u00bb global_colors_info=\u00bb{}\u00bb][et_pb_column type=\u00bb4_4&#8243; _builder_version=\u00bb4.19.0&#8243; _module_preset=\u00bbdefault\u00bb global_colors_info=\u00bb{}\u00bb][et_pb_image src=\u00bbhttps:\/\/www.castillapack.es\/wp-content\/uploads\/2025\/01\/MAQUINARELLENO3.jpg\u00bb title_text=\u00bbMAQUINARELLENO3&#8243; align=\u00bbcenter\u00bb _builder_version=\u00bb4.19.0&#8243; _module_preset=\u00bbdefault\u00bb transform_scale=\u00bb108%|108%\u00bb transform_translate=\u00bb29px|278px\u00bb custom_margin=\u00bb||13px|||\u00bb global_colors_info=\u00bb{}\u00bb][\/et_pb_image][\/et_pb_column][\/et_pb_row][\/et_pb_section]<\/p>\n","protected":false},"excerpt":{"rendered":"<p>Compactadoras de Residuos Las prensas fabricadas por HSM reducen el espacio ocupado por materiales sobrantes y residuos hasta en un 95 %. Con ello ahorrar\u00e1 un espacio valioso, que de otro modo quedar\u00eda ocupado por materiales voluminosos. Adem\u00e1s, convertir\u00e1 sus residuos en materia prima mediante balas de materiales clasificados, que se reintegrar\u00e1n en el ciclo [&hellip;]<\/p>\n","protected":false},"author":1,"featured_media":0,"parent":0,"menu_order":0,"comment_status":"closed","ping_status":"closed","template":"","meta":{"_et_pb_use_builder":"on","_et_pb_old_content":"<!-- wp:divi\/placeholder \/-->","_et_gb_content_width":"","footnotes":""},"class_list":["post-547","page","type-page","status-publish","hentry"],"_links":{"self":[{"href":"https:\/\/www.castillapack.es\/index.php?rest_route=\/wp\/v2\/pages\/547","targetHints":{"allow":["GET"]}}],"collection":[{"href":"https:\/\/www.castillapack.es\/index.php?rest_route=\/wp\/v2\/pages"}],"about":[{"href":"https:\/\/www.castillapack.es\/index.php?rest_route=\/wp\/v2\/types\/page"}],"author":[{"embeddable":true,"href":"https:\/\/www.castillapack.es\/index.php?rest_route=\/wp\/v2\/users\/1"}],"replies":[{"embeddable":true,"href":"https:\/\/www.castillapack.es\/index.php?rest_route=%2Fwp%2Fv2%2Fcomments&post=547"}],"version-history":[{"count":19,"href":"https:\/\/www.castillapack.es\/index.php?rest_route=\/wp\/v2\/pages\/547\/revisions"}],"predecessor-version":[{"id":1301,"href":"https:\/\/www.castillapack.es\/index.php?rest_route=\/wp\/v2\/pages\/547\/revisions\/1301"}],"wp:attachment":[{"href":"https:\/\/www.castillapack.es\/index.php?rest_route=%2Fwp%2Fv2%2Fmedia&parent=547"}],"curies":[{"name":"wp","href":"https:\/\/api.w.org\/{rel}","templated":true}]}}