{"id":549,"date":"2021-04-23T13:39:45","date_gmt":"2021-04-23T13:39:45","guid":{"rendered":"http:\/\/www.castillapack.es\/?page_id=549"},"modified":"2021-05-20T11:09:34","modified_gmt":"2021-05-20T11:09:34","slug":"sistema-relleno-burbuja","status":"publish","type":"page","link":"https:\/\/www.castillapack.es\/?page_id=549","title":{"rendered":"Sistema Relleno Burbuja"},"content":{"rendered":"<p>[et_pb_section fb_built=\u00bb1&#8243; admin_label=\u00bbHero\u00bb _builder_version=\u00bb3.22&#8243; background_image=\u00bbhttp:\/\/www.castillapack.es\/wp-content\/uploads\/2021\/03\/circle-background-pattern.png\u00bb custom_margin=\u00bb||-36px|||\u00bb custom_padding=\u00bb||1px|||\u00bb animation_style=\u00bbzoom\u00bb animation_intensity_zoom=\u00bb4%\u00bb][et_pb_row _builder_version=\u00bb3.25&#8243; background_size=\u00bbinitial\u00bb background_position=\u00bbtop_left\u00bb background_repeat=\u00bbrepeat\u00bb width=\u00bb84.8%\u00bb min_height=\u00bb12.9px\u00bb custom_margin=\u00bb-34px|auto||auto||\u00bb custom_padding=\u00bb||0px|||\u00bb animation_style=\u00bbslide\u00bb animation_direction=\u00bbtop\u00bb animation_intensity_slide=\u00bb3%\u00bb][et_pb_column type=\u00bb4_4&#8243; _builder_version=\u00bb3.25&#8243; custom_padding=\u00bb|||\u00bb custom_padding__hover=\u00bb|||\u00bb][et_pb_text _builder_version=\u00bb4.8.2&#8243; text_font=\u00bb||||||||\u00bb header_font=\u00bbMontserrat|700||on|||||dotted\u00bb header_text_color=\u00bb#353740&#8243; header_font_size=\u00bb60px\u00bb header_line_height=\u00bb1.3em\u00bb background_size=\u00bbinitial\u00bb background_position=\u00bbtop_left\u00bb background_repeat=\u00bbrepeat\u00bb custom_margin=\u00bb-16px|-118px|-4px|-21px|false|false\u00bb custom_padding=\u00bb0px|1px||0px||\u00bb animation_style=\u00bbfade\u00bb hover_enabled=\u00bb0&#8243; header_font_size_last_edited=\u00bboff|desktop\u00bb locked=\u00bboff\u00bb width=\u00bb110%\u00bb sticky_enabled=\u00bb0&#8243;]<\/p>\n<h1 style=\"text-align: center;\"><span style=\"color: #32680c;\">sistemas de relleno<\/span><\/h1>\n<h1 style=\"text-align: center;\"><span style=\"color: #32680c;\"> de burbuja<\/span><\/h1>\n<p>[\/et_pb_text][et_pb_divider show_divider=\u00bboff\u00bb disabled_on=\u00bbon|on|off%22&#8243; _builder_version=\u00bb3.2&#8243; max_width=\u00bb120px\u00bb animation_style=\u00bbslide\u00bb animation_direction=\u00bbtop\u00bb animation_intensity_slide=\u00bb30%\u00bb][\/et_pb_divider][\/et_pb_column][\/et_pb_row][et_pb_row _builder_version=\u00bb4.8.2&#8243; _module_preset=\u00bbdefault\u00bb width=\u00bb79.2%\u00bb min_height=\u00bb77.5px\u00bb custom_padding=\u00bb15px|1px||0px||\u00bb][et_pb_column type=\u00bb4_4&#8243; _builder_version=\u00bb4.8.2&#8243; _module_preset=\u00bbdefault\u00bb][et_pb_text _builder_version=\u00bb4.8.2&#8243; _module_preset=\u00bbdefault\u00bb text_line_height=\u00bb1.9em\u00bb width=\u00bb100%\u00bb custom_margin=\u00bb35px|||-4px|false|false\u00bb custom_padding=\u00bb0px|0px||||\u00bb locked=\u00bboff\u00bb]<\/p>\n<h3><span style=\"text-decoration: underline; color: #008000;\"><strong>SEALED NEW AIR I.B. NANO<\/strong><\/span><\/h3>\n<p><span>DESCRIPCION<\/span><\/p>\n<p>Sistema de envasado y relleno de burbujas de tama\u00f1o peque\u00f1o ideal para peque\u00f1as empresas o empresas que tengan necesidades espec\u00edficas de envasado y relleno. \u00c9stas m\u00e1quinas ofrecen una soluci\u00f3n econ\u00f3mica y vers\u00e1til, ya que su compacto tama\u00f1o y su f\u00e1cil utilizaci\u00f3n hacen posible trabajar con ellas en almac\u00e9n u oficina.<\/p>\n<p>El sistema infla l\u00e1mina de film en bobinas <span>\u00a0<\/span>manejables que adoptan el formato de burbuja, churro o cuadrado, dependiendo de las necesidades del cliente. Este sistema de amortiguaci\u00f3n es ideal para espacios de embalaje peque\u00f1os, reduce el espacio de almac\u00e9n y la gesti\u00f3n de inventario.<\/p>\n<p>[\/et_pb_text][\/et_pb_column][\/et_pb_row][et_pb_row column_structure=\u00bb1_2,1_2&#8243; _builder_version=\u00bb4.8.2&#8243; _module_preset=\u00bbdefault\u00bb width=\u00bb87.2%\u00bb custom_padding=\u00bb||24px|39px||\u00bb][et_pb_column type=\u00bb1_2&#8243; _builder_version=\u00bb4.8.2&#8243; _module_preset=\u00bbdefault\u00bb][et_pb_image src=\u00bbhttp:\/\/www.castillapack.es\/wp-content\/uploads\/2021\/04\/image086.jpg\u00bb title_text=\u00bbimage086&#8243; align=\u00bbcenter\u00bb _builder_version=\u00bb4.8.2&#8243; _module_preset=\u00bbdefault\u00bb width=\u00bb100%\u00bb custom_padding=\u00bb|0px||||\u00bb locked=\u00bboff\u00bb][\/et_pb_image][et_pb_divider show_divider=\u00bboff\u00bb disabled_on=\u00bbon|on|off%22&#8243; _builder_version=\u00bb3.2&#8243; max_width=\u00bb120px\u00bb animation_style=\u00bbslide\u00bb animation_direction=\u00bbtop\u00bb animation_intensity_slide=\u00bb30%\u00bb][\/et_pb_divider][\/et_pb_column][et_pb_column type=\u00bb1_2&#8243; _builder_version=\u00bb4.8.2&#8243; _module_preset=\u00bbdefault\u00bb][et_pb_image src=\u00bbhttp:\/\/www.castillapack.es\/wp-content\/uploads\/2021\/04\/image087.jpg\u00bb title_text=\u00bbimage087&#8243; _builder_version=\u00bb4.8.2&#8243; _module_preset=\u00bbdefault\u00bb][\/et_pb_image][\/et_pb_column][\/et_pb_row][\/et_pb_section]<\/p>\n","protected":false},"excerpt":{"rendered":"<p>sistemas de relleno de burbujaSEALED NEW AIR I.B. NANO DESCRIPCION Sistema de envasado y relleno de burbujas de tama\u00f1o peque\u00f1o ideal para peque\u00f1as empresas o empresas que tengan necesidades espec\u00edficas de envasado y relleno. \u00c9stas m\u00e1quinas ofrecen una soluci\u00f3n econ\u00f3mica y vers\u00e1til, ya que su compacto tama\u00f1o y su f\u00e1cil utilizaci\u00f3n hacen posible trabajar con [&hellip;]<\/p>\n","protected":false},"author":1,"featured_media":0,"parent":0,"menu_order":0,"comment_status":"closed","ping_status":"closed","template":"","meta":{"_et_pb_use_builder":"on","_et_pb_old_content":"<!-- wp:divi\/placeholder \/-->","_et_gb_content_width":"","footnotes":""},"class_list":["post-549","page","type-page","status-publish","hentry"],"_links":{"self":[{"href":"https:\/\/www.castillapack.es\/index.php?rest_route=\/wp\/v2\/pages\/549","targetHints":{"allow":["GET"]}}],"collection":[{"href":"https:\/\/www.castillapack.es\/index.php?rest_route=\/wp\/v2\/pages"}],"about":[{"href":"https:\/\/www.castillapack.es\/index.php?rest_route=\/wp\/v2\/types\/page"}],"author":[{"embeddable":true,"href":"https:\/\/www.castillapack.es\/index.php?rest_route=\/wp\/v2\/users\/1"}],"replies":[{"embeddable":true,"href":"https:\/\/www.castillapack.es\/index.php?rest_route=%2Fwp%2Fv2%2Fcomments&post=549"}],"version-history":[{"count":10,"href":"https:\/\/www.castillapack.es\/index.php?rest_route=\/wp\/v2\/pages\/549\/revisions"}],"predecessor-version":[{"id":1145,"href":"https:\/\/www.castillapack.es\/index.php?rest_route=\/wp\/v2\/pages\/549\/revisions\/1145"}],"wp:attachment":[{"href":"https:\/\/www.castillapack.es\/index.php?rest_route=%2Fwp%2Fv2%2Fmedia&parent=549"}],"curies":[{"name":"wp","href":"https:\/\/api.w.org\/{rel}","templated":true}]}}