{"id":682,"date":"2021-04-23T20:33:04","date_gmt":"2021-04-23T20:33:04","guid":{"rendered":"http:\/\/www.castillapack.es\/?page_id=682"},"modified":"2021-05-18T10:24:39","modified_gmt":"2021-05-18T10:24:39","slug":"consumibles","status":"publish","type":"page","link":"https:\/\/www.castillapack.es\/?page_id=682","title":{"rendered":"Consumibles"},"content":{"rendered":"<p>[et_pb_section fb_built=\u00bb1&#8243; admin_label=\u00bbHero\u00bb _builder_version=\u00bb4.8.2&#8243; background_image=\u00bbhttp:\/\/www.castillapack.es\/wp-content\/uploads\/2021\/03\/circle-background-pattern.png\u00bb custom_margin=\u00bb||-42px|||\u00bb custom_padding=\u00bb7px||0px|||\u00bb animation_style=\u00bbzoom\u00bb animation_intensity_zoom=\u00bb4%\u00bb hover_enabled=\u00bb0&#8243; sticky_enabled=\u00bb0&#8243;][et_pb_row _builder_version=\u00bb4.8.2&#8243; background_size=\u00bbinitial\u00bb background_position=\u00bbtop_left\u00bb background_repeat=\u00bbrepeat\u00bb width=\u00bb84.8%\u00bb min_height=\u00bb12.9px\u00bb custom_padding=\u00bb||0px|||\u00bb animation_style=\u00bbslide\u00bb animation_direction=\u00bbtop\u00bb animation_intensity_slide=\u00bb3%\u00bb hover_enabled=\u00bb0&#8243; sticky_enabled=\u00bb0&#8243;][et_pb_column type=\u00bb4_4&#8243; _builder_version=\u00bb3.25&#8243; custom_padding=\u00bb|||\u00bb custom_padding__hover=\u00bb|||\u00bb][et_pb_divider show_divider=\u00bboff\u00bb disabled_on=\u00bbon|on|off%22&#8243; _builder_version=\u00bb3.2&#8243; max_width=\u00bb120px\u00bb animation_style=\u00bbslide\u00bb animation_direction=\u00bbtop\u00bb animation_intensity_slide=\u00bb30%\u00bb][\/et_pb_divider][\/et_pb_column][\/et_pb_row][et_pb_row use_custom_gutter=\u00bbon\u00bb gutter_width=\u00bb2&#8243; make_equal=\u00bbon\u00bb _builder_version=\u00bb4.8.2&#8243; _module_preset=\u00bbdefault\u00bb width=\u00bbauto\u00bb custom_margin=\u00bb0px|50px||53px|false|false\u00bb locked=\u00bboff\u00bb][et_pb_column type=\u00bb4_4&#8243; _builder_version=\u00bb4.8.2&#8243; _module_preset=\u00bbdefault\u00bb][et_pb_text _builder_version=\u00bb4.8.2&#8243; _module_preset=\u00bbdefault\u00bb custom_margin=\u00bb|||25px|false|false\u00bb locked=\u00bboff\u00bb]<\/p>\n<h4><strong><u><span>MATERIAL DE PROTECCION Y RELLENO<\/span><\/u><\/strong><\/h4>\n<ul>\n<li>\n<h4><strong><span>PL\u00c1STICO DE BURBUJA<\/span><\/strong><\/h4>\n<\/li>\n<li>\n<h4><strong><span>ESPUMA DE POLIETILENO, CELL AIRE, FOAM<\/span><\/strong><\/h4>\n<\/li>\n<li>\n<h4><strong><span>PERFILES Y TUBOS DE ESPUMA, FOAM<\/span><\/strong><\/h4>\n<\/li>\n<li>\n<h4><strong><span>CANTONERAS Y TUBOS DE CART\u00d3N<\/span><\/strong><\/h4>\n<\/li>\n<li>\n<h4><strong><span>CART\u00d3N ONDULADO EN ROLLO Y PAPEL KRAFT<\/span><\/strong><\/h4>\n<\/li>\n<\/ul>\n<h4><strong><span>\u00a0<\/span><\/strong><\/h4>\n<h4><strong><u><span>AISLANTES T\u00c9RMICOS Y AC\u00daSTICOS PARA SUELOS DE MADERA<\/span><\/u><\/strong><\/h4>\n<ul>\n<li>\n<h4><strong><span>CELL AIRE, FOAM<\/span><\/strong><\/h4>\n<\/li>\n<li>\n<h4><strong><span>CELL AIRE, FOAM ALTO IMPACTO<\/span><\/strong><\/h4>\n<\/li>\n<li>\n<h4><strong><span>CELL AIRE, FOAM SUELO RADIANTE<\/span><\/strong><\/h4>\n<\/li>\n<li>\n<h4><strong><span>ALUFACE<\/span><\/strong><\/h4>\n<\/li>\n<\/ul>\n<h4><strong><span>\u00a0<\/span><\/strong><\/h4>\n<h4><strong><u><span>CINTAS ADHESIVAS<\/span><\/u><\/strong><\/h4>\n<ul>\n<li>\n<h4><strong><span>PRECINTO PARA CIERRE DE CAJAS, SOLVENTE, HOT MELT<\/span><\/strong><\/h4>\n<\/li>\n<li>\n<h4><strong><span>PRECINTO IMPRESO Y DE COLORES<\/span><\/strong><\/h4>\n<\/li>\n<li>\n<h4><strong><span>PRECINTO DE CARROCERO DE PAPEL<\/span><\/strong><\/h4>\n<\/li>\n<li>\n<h4><strong><span>PRECINTO STRAPPING PARA PALETIZADO<\/span><\/strong><\/h4>\n<\/li>\n<li>\n<h4><strong><span>PRECINTO REFORZADO FIBRA DE VIDRIO<\/span><\/strong><\/h4>\n<\/li>\n<li>\n<h4><strong><span>CINTA ADHESIVA DE DOBLE CARA<\/span><\/strong><\/h4>\n<\/li>\n<\/ul>\n<h4><strong><span>\u00a0<\/span><\/strong><\/h4>\n<h4><strong><u><span>FILM EXTENSIBLE<\/span><\/u><\/strong><\/h4>\n<ul>\n<li>\n<h4><strong><span>MANUAL Y AUTOM\u00c1TICO ESTANDAR<\/span><\/strong><\/h4>\n<\/li>\n<li>\n<h4><strong><span>FILM DE COLOR Y FILM IMPRESO<\/span><\/strong><\/h4>\n<\/li>\n<li>\n<h4><strong><span>FILM ORIENTADO MIMALITE &#8211; PREESTIRADO<\/span><\/strong><\/h4>\n<\/li>\n<li>\n<h4><strong><span>FILM AUTOMATICO T\u00c9CNICO MIMA<\/span><\/strong><\/h4>\n<\/li>\n<li>\n<h4><strong><span>FILM MACROPERFORADO<\/span><\/strong><\/h4>\n<\/li>\n<\/ul>\n<h4><strong><u><span><\/span><\/u><\/strong><\/h4>\n<h4><strong><u><span>PL\u00c1STICO POLIETILENO<\/span><\/u><\/strong><\/h4>\n<ul>\n<li>\n<h4><strong><span>L\u00c1MINA POLIETILENO<\/span><\/strong><\/h4>\n<\/li>\n<\/ul>\n<h4><strong><u><span>\u00a0<\/span><\/u><\/strong><\/h4>\n<h4><strong><u><span>FILM RETR\u00c1CTIL<\/span><\/u><\/strong><\/h4>\n<ul>\n<li>\n<h4><strong><span>PP Y PVC RETR\u00c1CTIL<\/span><\/strong><\/h4>\n<\/li>\n<\/ul>\n<h4><strong><span>\u00a0<\/span><\/strong><\/h4>\n<h4><strong><u><span>FLEJE<\/span><\/u><\/strong><\/h4>\n<ul>\n<li>\n<h4><strong><span>PL\u00c1STICO POLIPROPILENO, MANUAL Y AUTOM\u00c1TICO<\/span><\/strong><\/h4>\n<\/li>\n<li>\n<h4><strong><span>FLEJE POLIESTER<\/span><\/strong><\/h4>\n<\/li>\n<li>\n<h4><strong><span>FLEJE DE ACERO<\/span><\/strong><\/h4>\n<\/li>\n<li>\n<h4><strong><span>FLEJE TEXTIL<\/span><\/strong><\/h4>\n<\/li>\n<li>\n<h4><strong><span>GRAPAS PARA FLEJES<\/span><\/strong><\/h4>\n<\/li>\n<\/ul>\n<h4><strong><span>\u00a0<\/span><\/strong><\/h4>\n<h4><strong><u><span>SOBRES, BOLSAS Y ETIQUETAS<\/span><\/u><\/strong><\/h4>\n<ul>\n<li>\n<h4><strong><span>SOBRES PARA ENV\u00cdOS \u2013 PACKING LIST<\/span><\/strong><\/h4>\n<\/li>\n<li>\n<h4><strong><span>SOBRES DE PAPEL ACOLCHADOS<\/span><\/strong><\/h4>\n<\/li>\n<li>\n<h4><strong><span>ETIQUETAS AN\u00d3NIMAS E IMPRESAS<\/span><\/strong><\/h4>\n<\/li>\n<li>\n<h4><strong><span>BOLSAS CON CIERRE HERM\u00c9TICO<\/span><\/strong><\/h4>\n<\/li>\n<\/ul>\n<h4><strong><span>\u00a0<\/span><\/strong><\/h4>\n<h4><strong><u><span>CELULOSA EN ROLLO Y TOALLAS DESECHABLES<\/span><\/u><\/strong><\/h4>\n<p>[\/et_pb_text][\/et_pb_column][\/et_pb_row][\/et_pb_section][et_pb_section fb_built=\u00bb1&#8243; admin_label=\u00bbContact Form Section\u00bb _builder_version=\u00bb4.8.2&#8243; background_color=\u00bb#307213&#8243; min_height=\u00bb715.8px\u00bb custom_margin=\u00bb100px||||false|false\u00bb custom_padding=\u00bb68px|0px|110px||false|false\u00bb animation_style=\u00bbzoom\u00bb animation_direction=\u00bbbottom\u00bb animation_intensity_zoom=\u00bb10%\u00bb saved_tabs=\u00bball\u00bb locked=\u00bboff\u00bb][et_pb_row admin_label=\u00bbService Section Title\u00bb _builder_version=\u00bb4.8.2&#8243; width=\u00bb71%\u00bb custom_margin=\u00bb-74px|auto|12px|auto||\u00bb animation_style=\u00bbfade\u00bb animation_direction=\u00bbtop\u00bb locked=\u00bboff\u00bb][et_pb_column type=\u00bb4_4&#8243; _builder_version=\u00bb3.25&#8243; custom_padding=\u00bb|||\u00bb custom_padding__hover=\u00bb|||\u00bb][et_pb_text admin_label=\u00bbTitle\u00bb _builder_version=\u00bb3.27.4&#8243; text_font=\u00bbMontserrat||||||||\u00bb text_text_color=\u00bb#747d88&#8243; text_font_size=\u00bb16px\u00bb text_line_height=\u00bb1.9em\u00bb header_font=\u00bb||||||||\u00bb header_2_font=\u00bbMontserrat|700||on|||||\u00bb header_2_font_size=\u00bb42px\u00bb header_2_line_height=\u00bb1.3em\u00bb background_size=\u00bbinitial\u00bb background_position=\u00bbtop_left\u00bb background_repeat=\u00bbrepeat\u00bb text_orientation=\u00bbcenter\u00bb max_width=\u00bb700px\u00bb module_alignment=\u00bbcenter\u00bb custom_padding=\u00bb|1px|0px|||\u00bb animation_style=\u00bbslide\u00bb animation_direction=\u00bbbottom\u00bb animation_intensity_slide=\u00bb4%\u00bb]<\/p>\n<h2><span style=\"color: #ffffff;\">CONTACTE CON NOSOTROS<\/span><\/h2>\n<p>&nbsp;<\/p>\n<p>[\/et_pb_text][et_pb_text admin_label=\u00bbSubtitle\u00bb _builder_version=\u00bb4.8.2&#8243; text_font=\u00bbMontserrat||||\u00bb text_text_color=\u00bb#353740&#8243; text_font_size=\u00bb16px\u00bb text_line_height=\u00bb1.8em\u00bb header_font=\u00bb||||||||\u00bb background_size=\u00bbinitial\u00bb background_position=\u00bbtop_left\u00bb background_repeat=\u00bbrepeat\u00bb text_orientation=\u00bbcenter\u00bb max_width=\u00bb700px\u00bb module_alignment=\u00bbcenter\u00bb custom_margin=\u00bb-37px|||||\u00bb custom_padding=\u00bb8px||4px|||\u00bb animation_style=\u00bbslide\u00bb animation_direction=\u00bbbottom\u00bb animation_delay=\u00bb100ms\u00bb animation_intensity_slide=\u00bb4%\u00bb]<\/p>\n<p><span style=\"color: #ffffff;\"><span>Nuestros t\u00e9cnicos podr\u00e1n informarle y asesorarle sobre cualquier m\u00e9todo de\u00a0<\/span><span><b>embalaje<\/b><\/span><span> y <strong>maquinaria industrial<\/strong><\/span><\/span><\/p>\n<p><span style=\"color: #ffffff;\">Para cualquier consulta o duda, puede enviarnos un mensaje<\/span><\/p>\n<p>[\/et_pb_text][\/et_pb_column][\/et_pb_row][et_pb_row admin_label=\u00bbContact Form\u00bb _builder_version=\u00bb4.8.2&#8243; animation_style=\u00bbfade\u00bb][et_pb_column type=\u00bb4_4&#8243; _builder_version=\u00bb4.8.2&#8243; custom_padding=\u00bb|||\u00bb custom_padding__hover=\u00bb|||\u00bb][et_pb_contact_form captcha=\u00bboff\u00bb email=\u00bbdavis@castillapack.es\u00bb success_message=\u00bbMensaje enviado. Gracias\u00bb submit_button_text=\u00bbEnviar\u00bb module_id=\u00bbet_pb_contact_form_0&#8243; _builder_version=\u00bb4.8.2&#8243; form_field_background_color=\u00bbrgba(255,255,255,0)\u00bb form_field_text_color=\u00bb#353740&#8243; form_field_font=\u00bbMontserrat||||\u00bb form_field_font_size=\u00bb16px\u00bb custom_button=\u00bbon\u00bb button_text_color=\u00bb#ffffff\u00bb button_border_width=\u00bb5px\u00bb button_border_color=\u00bb#ffffff\u00bb button_border_radius=\u00bb100px\u00bb button_letter_spacing=\u00bb2px\u00bb button_font=\u00bbMontserrat|on||on|\u00bb button_icon=\u00bb%%36%%\u00bb button_icon_color=\u00bb#ffffff\u00bb max_width=\u00bb800px\u00bb module_alignment=\u00bbcenter\u00bb min_height=\u00bb412.7px\u00bb custom_padding=\u00bb||0px|||\u00bb animation_style=\u00bbfade\u00bb box_shadow_style=\u00bbpreset7&#8243; box_shadow_horizontal=\u00bb0px\u00bb box_shadow_vertical=\u00bb-1px\u00bb box_shadow_color=\u00bbrgba(0,0,0,0.18)\u00bb form_background_color=\u00bbrgba(255,255,255,0)\u00bb button_text_color_hover=\u00bb#ffffff\u00bb button_bg_color_hover=\u00bbrgba(0,0,0,0)\u00bb button_border_color_hover=\u00bb#ffffff\u00bb button_letter_spacing_hover=\u00bb2px\u00bb][et_pb_contact_field field_id=\u00bbNombre\u00bb field_title=\u00bbNombre\u00bb booleancheckbox_options=\u00bb%91{%22value%22:%22%22,%22checked%22:0,%22dragID%22:-1}%93&#8243; fullwidth_field=\u00bbon\u00bb _builder_version=\u00bb4.8.2&#8243; background_color=\u00bb#FFFFFF\u00bb background_enable_color=\u00bbon\u00bb button_text_size__hover_enabled=\u00bboff\u00bb button_one_text_size__hover_enabled=\u00bboff\u00bb button_two_text_size__hover_enabled=\u00bboff\u00bb button_text_color__hover_enabled=\u00bboff\u00bb button_one_text_color__hover_enabled=\u00bboff\u00bb button_two_text_color__hover_enabled=\u00bboff\u00bb button_border_width__hover_enabled=\u00bboff\u00bb button_one_border_width__hover_enabled=\u00bboff\u00bb button_two_border_width__hover_enabled=\u00bboff\u00bb button_border_color__hover_enabled=\u00bboff\u00bb button_one_border_color__hover_enabled=\u00bboff\u00bb button_two_border_color__hover_enabled=\u00bboff\u00bb button_border_radius__hover_enabled=\u00bboff\u00bb button_one_border_radius__hover_enabled=\u00bboff\u00bb button_two_border_radius__hover_enabled=\u00bboff\u00bb button_letter_spacing__hover_enabled=\u00bboff\u00bb button_one_letter_spacing__hover_enabled=\u00bboff\u00bb button_two_letter_spacing__hover_enabled=\u00bboff\u00bb button_bg_color__hover_enabled=\u00bboff\u00bb button_one_bg_color__hover_enabled=\u00bboff\u00bb button_two_bg_color__hover_enabled=\u00bboff\u00bb][\/et_pb_contact_field][et_pb_contact_field field_id=\u00bbEmail\u00bb field_title=\u00bbCorreo electr\u00f3nico\u00bb field_type=\u00bbemail\u00bb fullwidth_field=\u00bbon\u00bb _builder_version=\u00bb4.8.2&#8243; background_color=\u00bb#FFFFFF\u00bb background_enable_color=\u00bbon\u00bb button_text_size__hover_enabled=\u00bboff\u00bb button_one_text_size__hover_enabled=\u00bboff\u00bb button_two_text_size__hover_enabled=\u00bboff\u00bb button_text_color__hover_enabled=\u00bboff\u00bb button_one_text_color__hover_enabled=\u00bboff\u00bb button_two_text_color__hover_enabled=\u00bboff\u00bb button_border_width__hover_enabled=\u00bboff\u00bb button_one_border_width__hover_enabled=\u00bboff\u00bb button_two_border_width__hover_enabled=\u00bboff\u00bb button_border_color__hover_enabled=\u00bboff\u00bb button_one_border_color__hover_enabled=\u00bboff\u00bb button_two_border_color__hover_enabled=\u00bboff\u00bb button_border_radius__hover_enabled=\u00bboff\u00bb button_one_border_radius__hover_enabled=\u00bboff\u00bb button_two_border_radius__hover_enabled=\u00bboff\u00bb button_letter_spacing__hover_enabled=\u00bboff\u00bb button_one_letter_spacing__hover_enabled=\u00bboff\u00bb button_two_letter_spacing__hover_enabled=\u00bboff\u00bb button_bg_color__hover_enabled=\u00bboff\u00bb button_one_bg_color__hover_enabled=\u00bboff\u00bb button_two_bg_color__hover_enabled=\u00bboff\u00bb][\/et_pb_contact_field][et_pb_contact_field field_id=\u00bbEmpresa\u00bb field_title=\u00bbEmpresa\u00bb fullwidth_field=\u00bbon\u00bb _builder_version=\u00bb4.8.2&#8243; background_color=\u00bb#FFFFFF\u00bb background_enable_color=\u00bbon\u00bb button_text_size__hover_enabled=\u00bboff\u00bb button_one_text_size__hover_enabled=\u00bboff\u00bb button_two_text_size__hover_enabled=\u00bboff\u00bb button_text_color__hover_enabled=\u00bboff\u00bb button_one_text_color__hover_enabled=\u00bboff\u00bb button_two_text_color__hover_enabled=\u00bboff\u00bb button_border_width__hover_enabled=\u00bboff\u00bb button_one_border_width__hover_enabled=\u00bboff\u00bb button_two_border_width__hover_enabled=\u00bboff\u00bb button_border_color__hover_enabled=\u00bboff\u00bb button_one_border_color__hover_enabled=\u00bboff\u00bb button_two_border_color__hover_enabled=\u00bboff\u00bb button_border_radius__hover_enabled=\u00bboff\u00bb button_one_border_radius__hover_enabled=\u00bboff\u00bb button_two_border_radius__hover_enabled=\u00bboff\u00bb button_letter_spacing__hover_enabled=\u00bboff\u00bb button_one_letter_spacing__hover_enabled=\u00bboff\u00bb button_two_letter_spacing__hover_enabled=\u00bboff\u00bb button_bg_color__hover_enabled=\u00bboff\u00bb button_one_bg_color__hover_enabled=\u00bboff\u00bb button_two_bg_color__hover_enabled=\u00bboff\u00bb][\/et_pb_contact_field][et_pb_contact_field field_id=\u00bbMessage\u00bb field_title=\u00bbMensaje\u00bb field_type=\u00bbtext\u00bb fullwidth_field=\u00bbon\u00bb _builder_version=\u00bb4.8.2&#8243; background_color=\u00bb#FFFFFF\u00bb background_enable_color=\u00bbon\u00bb custom_margin=\u00bb||60px|\u00bb custom_padding=\u00bb|||\u00bb button_text_size__hover_enabled=\u00bboff\u00bb button_one_text_size__hover_enabled=\u00bboff\u00bb button_two_text_size__hover_enabled=\u00bboff\u00bb button_text_color__hover_enabled=\u00bboff\u00bb button_one_text_color__hover_enabled=\u00bboff\u00bb button_two_text_color__hover_enabled=\u00bboff\u00bb button_border_width__hover_enabled=\u00bboff\u00bb button_one_border_width__hover_enabled=\u00bboff\u00bb button_two_border_width__hover_enabled=\u00bboff\u00bb button_border_color__hover_enabled=\u00bboff\u00bb button_one_border_color__hover_enabled=\u00bboff\u00bb button_two_border_color__hover_enabled=\u00bboff\u00bb button_border_radius__hover_enabled=\u00bboff\u00bb button_one_border_radius__hover_enabled=\u00bboff\u00bb button_two_border_radius__hover_enabled=\u00bboff\u00bb button_letter_spacing__hover_enabled=\u00bboff\u00bb button_one_letter_spacing__hover_enabled=\u00bboff\u00bb button_two_letter_spacing__hover_enabled=\u00bboff\u00bb button_bg_color__hover_enabled=\u00bboff\u00bb button_one_bg_color__hover_enabled=\u00bboff\u00bb button_two_bg_color__hover_enabled=\u00bboff\u00bb][\/et_pb_contact_field][et_pb_contact_field field_id=\u00bbrgpd\u00bb field_title=\u00bb \u00bb field_type=\u00bbcheckbox\u00bb checkbox_options=\u00bb%91{%22value%22:%22He le\u00eddo y Acepto la Pol\u00edtica de Privacidad%22,%22checked%22:0,%22dragID%22:-1,%22link_url%22:%22http:\/\/www.castillapack.es\/wp-content\/uploads\/2021\/05\/POLITICA-DE-PROTECCION-DATOS-SITIO-WEB.pdf%22}%93&#8243; booleancheckbox_options=\u00bb%91{%22value%22:%22He leido y acepto%22,%22checked%22:0,%22dragID%22:-1}%93&#8243; fullwidth_field=\u00bbon\u00bb _builder_version=\u00bb4.8.2&#8243; _module_preset=\u00bbdefault\u00bb form_field_background_color=\u00bb#E02B20&#8243; form_field_text_color=\u00bb#FFFFFF\u00bb form_field_focus_background_color=\u00bb#848484&#8243; background_color=\u00bbRGBA(0,0,0,0)\u00bb background_enable_color=\u00bbon\u00bb][\/et_pb_contact_field][\/et_pb_contact_form][\/et_pb_column][\/et_pb_row][\/et_pb_section]<\/p>\n","protected":false},"excerpt":{"rendered":"<p>MATERIAL DE PROTECCION Y RELLENO PL\u00c1STICO DE BURBUJA ESPUMA DE POLIETILENO, CELL AIRE, FOAM PERFILES Y TUBOS DE ESPUMA, FOAM CANTONERAS Y TUBOS DE CART\u00d3N CART\u00d3N ONDULADO EN ROLLO Y PAPEL KRAFT \u00a0 AISLANTES T\u00c9RMICOS Y AC\u00daSTICOS PARA SUELOS DE MADERA CELL AIRE, FOAM CELL AIRE, FOAM ALTO IMPACTO CELL AIRE, FOAM SUELO RADIANTE ALUFACE [&hellip;]<\/p>\n","protected":false},"author":1,"featured_media":0,"parent":0,"menu_order":0,"comment_status":"closed","ping_status":"closed","template":"","meta":{"_et_pb_use_builder":"on","_et_pb_old_content":"<!-- wp:divi\/placeholder \/-->","_et_gb_content_width":"","footnotes":""},"class_list":["post-682","page","type-page","status-publish","hentry"],"_links":{"self":[{"href":"https:\/\/www.castillapack.es\/index.php?rest_route=\/wp\/v2\/pages\/682","targetHints":{"allow":["GET"]}}],"collection":[{"href":"https:\/\/www.castillapack.es\/index.php?rest_route=\/wp\/v2\/pages"}],"about":[{"href":"https:\/\/www.castillapack.es\/index.php?rest_route=\/wp\/v2\/types\/page"}],"author":[{"embeddable":true,"href":"https:\/\/www.castillapack.es\/index.php?rest_route=\/wp\/v2\/users\/1"}],"replies":[{"embeddable":true,"href":"https:\/\/www.castillapack.es\/index.php?rest_route=%2Fwp%2Fv2%2Fcomments&post=682"}],"version-history":[{"count":6,"href":"https:\/\/www.castillapack.es\/index.php?rest_route=\/wp\/v2\/pages\/682\/revisions"}],"predecessor-version":[{"id":1063,"href":"https:\/\/www.castillapack.es\/index.php?rest_route=\/wp\/v2\/pages\/682\/revisions\/1063"}],"wp:attachment":[{"href":"https:\/\/www.castillapack.es\/index.php?rest_route=%2Fwp%2Fv2%2Fmedia&parent=682"}],"curies":[{"name":"wp","href":"https:\/\/api.w.org\/{rel}","templated":true}]}}