{"id":747,"date":"2021-04-24T14:16:11","date_gmt":"2021-04-24T14:16:11","guid":{"rendered":"http:\/\/www.castillapack.es\/?page_id=747"},"modified":"2021-05-20T11:19:31","modified_gmt":"2021-05-20T11:19:31","slug":"impresoras-etiquetas","status":"publish","type":"page","link":"https:\/\/www.castillapack.es\/?page_id=747","title":{"rendered":"Impresoras Etiquetas"},"content":{"rendered":"<p>[et_pb_section fb_built=\u00bb1&#8243; admin_label=\u00bbHero\u00bb _builder_version=\u00bb3.22&#8243; background_image=\u00bbhttp:\/\/www.castillapack.es\/wp-content\/uploads\/2021\/03\/circle-background-pattern.png\u00bb custom_margin=\u00bb||-47px|||\u00bb custom_padding=\u00bb7px||57px|||\u00bb animation_style=\u00bbzoom\u00bb animation_intensity_zoom=\u00bb4%\u00bb][et_pb_row _builder_version=\u00bb3.25&#8243; background_size=\u00bbinitial\u00bb background_position=\u00bbtop_left\u00bb background_repeat=\u00bbrepeat\u00bb width=\u00bb84.8%\u00bb min_height=\u00bb12.9px\u00bb custom_padding=\u00bb||0px|||\u00bb animation_style=\u00bbslide\u00bb animation_direction=\u00bbtop\u00bb animation_intensity_slide=\u00bb3%\u00bb][et_pb_column type=\u00bb4_4&#8243; _builder_version=\u00bb3.25&#8243; custom_padding=\u00bb|||\u00bb custom_padding__hover=\u00bb|||\u00bb][et_pb_text _builder_version=\u00bb4.8.2&#8243; text_font=\u00bb||||||||\u00bb header_font=\u00bbMontserrat|700||on|||||dotted\u00bb header_text_color=\u00bb#353740&#8243; header_font_size=\u00bb60px\u00bb header_line_height=\u00bb1.3em\u00bb background_size=\u00bbinitial\u00bb background_position=\u00bbtop_left\u00bb background_repeat=\u00bbrepeat\u00bb custom_margin=\u00bb|-98px|-4px|-28px|false|false\u00bb custom_padding=\u00bb|1px||0px||\u00bb animation_style=\u00bbfade\u00bb hover_enabled=\u00bb0&#8243; header_font_size_last_edited=\u00bboff|desktop\u00bb locked=\u00bboff\u00bb width=\u00bb117%\u00bb sticky_enabled=\u00bb0&#8243;]<\/p>\n<h1 style=\"text-align: center;\"><span style=\"color: #32680c;\">Impresoras de etiquetas<\/span><\/h1>\n<p>[\/et_pb_text][et_pb_divider show_divider=\u00bboff\u00bb disabled_on=\u00bbon|on|off%22&#8243; _builder_version=\u00bb3.2&#8243; max_width=\u00bb120px\u00bb animation_style=\u00bbslide\u00bb animation_direction=\u00bbtop\u00bb animation_intensity_slide=\u00bb30%\u00bb][\/et_pb_divider][\/et_pb_column][\/et_pb_row][et_pb_row _builder_version=\u00bb4.8.2&#8243; _module_preset=\u00bbdefault\u00bb width=\u00bb79.2%\u00bb min_height=\u00bb47.5px\u00bb custom_padding=\u00bb15px|42px||0px||\u00bb][et_pb_column type=\u00bb4_4&#8243; _builder_version=\u00bb4.8.2&#8243; _module_preset=\u00bbdefault\u00bb][et_pb_text _builder_version=\u00bb4.8.2&#8243; _module_preset=\u00bbdefault\u00bb width=\u00bb100%\u00bb max_width=\u00bb100%\u00bb custom_margin=\u00bb35px||||false|false\u00bb custom_padding=\u00bb|0px||||\u00bb]<\/p>\n<p>Las impresoras de etiquetas t\u00e9rmicas son la soluci\u00f3n perfecta para las aplicaciones de etiquetado cr\u00edticas. Desde tickets, etiquetas con c\u00f3digos de barras, a etiquetas especializadas, las impresoras se han convertido en la principal elecci\u00f3n de etiquetado en todo el mundo.<\/p>\n<p>[\/et_pb_text][\/et_pb_column][\/et_pb_row][et_pb_row column_structure=\u00bb1_2,1_2&#8243; _builder_version=\u00bb4.8.2&#8243; _module_preset=\u00bbdefault\u00bb width=\u00bb87.2%\u00bb custom_padding=\u00bb10px||0px|0px||\u00bb][et_pb_column type=\u00bb1_2&#8243; _builder_version=\u00bb4.8.2&#8243; _module_preset=\u00bbdefault\u00bb][et_pb_divider show_divider=\u00bboff\u00bb disabled_on=\u00bbon|on|off%22&#8243; _builder_version=\u00bb3.2&#8243; max_width=\u00bb120px\u00bb animation_style=\u00bbslide\u00bb animation_direction=\u00bbtop\u00bb animation_intensity_slide=\u00bb30%\u00bb][\/et_pb_divider][et_pb_text _builder_version=\u00bb4.8.2&#8243; _module_preset=\u00bbdefault\u00bb custom_margin=\u00bb-20px|174px|-4px|-1px|false|false\u00bb custom_padding=\u00bb0px|1px|0px|0px|false|false\u00bb hover_enabled=\u00bb0&#8243; box_shadow_style=\u00bbpreset4&#8243; box_shadow_color=\u00bb#0c4719&#8243; width=\u00bb85%\u00bb sticky_enabled=\u00bb0&#8243;]<\/p>\n<h1><strong>Sobremesa<\/strong><\/h1>\n<p>[\/et_pb_text][et_pb_text _builder_version=\u00bb4.8.2&#8243; _module_preset=\u00bbdefault\u00bb text_line_height=\u00bb2.5em\u00bb width=\u00bb95.6%\u00bb custom_margin=\u00bb35px|-4px||16px|false|false\u00bb custom_padding=\u00bb|0px|33px|||\u00bb locked=\u00bboff\u00bb]<\/p>\n<p>El dise\u00f1o inteligente de la serie de sobremesa para la carga frontal garantiza una carga de papel sin problemas, adecuada para aplicaciones vers\u00e1tiles. Las impresoras de sobremesa con su peque\u00f1a huella y su carcasa de pl\u00e1stico se adaptan f\u00e1cilmente a lugares de trabajo donde el espacio es reducido, como oficinas, taquillas o entornos de tienda.<\/p>\n<p>[\/et_pb_text][et_pb_divider show_divider=\u00bboff\u00bb disabled_on=\u00bbon|on|off%22&#8243; _builder_version=\u00bb3.2&#8243; max_width=\u00bb120px\u00bb animation_style=\u00bbslide\u00bb animation_direction=\u00bbtop\u00bb animation_intensity_slide=\u00bb30%\u00bb][\/et_pb_divider][\/et_pb_column][et_pb_column type=\u00bb1_2&#8243; _builder_version=\u00bb4.8.2&#8243; _module_preset=\u00bbdefault\u00bb][et_pb_image src=\u00bbhttp:\/\/www.castillapack.es\/wp-content\/uploads\/2021\/04\/image088.jpg\u00bb title_text=\u00bbimage088&#8243; align=\u00bbright\u00bb _builder_version=\u00bb4.8.2&#8243; _module_preset=\u00bbdefault\u00bb width=\u00bb51.4%\u00bb min_height=\u00bb180px\u00bb custom_margin=\u00bb2px|95px|46px||false|false\u00bb custom_padding=\u00bb|||1px||\u00bb hover_enabled=\u00bb0&#8243; sticky_enabled=\u00bb0&#8243;][\/et_pb_image][et_pb_image src=\u00bbhttp:\/\/www.castillapack.es\/wp-content\/uploads\/2021\/04\/image089.jpg\u00bb title_text=\u00bbimage089&#8243; align=\u00bbright\u00bb _builder_version=\u00bb4.8.2&#8243; _module_preset=\u00bbdefault\u00bb width=\u00bb51.4%\u00bb min_height=\u00bb180px\u00bb custom_margin=\u00bb-6px|103px|-1px||false|false\u00bb custom_padding=\u00bb|||1px||\u00bb][\/et_pb_image][\/et_pb_column][\/et_pb_row][et_pb_row _builder_version=\u00bb4.8.2&#8243; _module_preset=\u00bbdefault\u00bb column_structure=\u00bb1_2,1_2&#8243; width=\u00bb87.2%\u00bb custom_padding=\u00bb51px||0px|0px||\u00bb][et_pb_column _builder_version=\u00bb4.8.2&#8243; _module_preset=\u00bbdefault\u00bb type=\u00bb1_2&#8243;][et_pb_text _builder_version=\u00bb4.8.2&#8243; _module_preset=\u00bbdefault\u00bb custom_margin=\u00bb-6px|174px|-4px|-1px|false|false\u00bb custom_padding=\u00bb0px|1px|0px|0px|false|false\u00bb hover_enabled=\u00bb0&#8243; box_shadow_style=\u00bbpreset4&#8243; box_shadow_color=\u00bb#0c4719&#8243; locked=\u00bboff\u00bb width=\u00bb83%\u00bb sticky_enabled=\u00bb0&#8243;]<\/p>\n<h1><strong>Industriales<\/strong><\/h1>\n<p>[\/et_pb_text][et_pb_text _builder_version=\u00bb4.8.2&#8243; _module_preset=\u00bbdefault\u00bb custom_margin=\u00bb35px||||false|false\u00bb locked=\u00bboff\u00bb]<\/p>\n<ul>\n<li>Impresora de altas prestaciones con costes operativos (TCO) muy bajos.<\/li>\n<li>Rendimiento y velocidad superior.<\/li>\n<li>Ahorrador de cinta de impresi\u00f3n (opcional) pague s\u00f3lo el ribbon que utiliza.<\/li>\n<li>Bajo consumo de energ\u00eda.<\/li>\n<li>Facilidad de uso y mantenimiento.<\/li>\n<li>Funcionalidad de emulaci\u00f3n.<\/li>\n<li>Cabezal de impresi\u00f3n de larga duraci\u00f3n.<\/li>\n<\/ul>\n<p>[\/et_pb_text][\/et_pb_column][et_pb_column _builder_version=\u00bb4.8.2&#8243; _module_preset=\u00bbdefault\u00bb type=\u00bb1_2&#8243;][et_pb_image src=\u00bbhttp:\/\/www.castillapack.es\/wp-content\/uploads\/2021\/04\/image090.jpg\u00bb title_text=\u00bbimage090&#8243; align=\u00bbright\u00bb _builder_version=\u00bb4.8.2&#8243; _module_preset=\u00bbdefault\u00bb width=\u00bb100%\u00bb custom_margin=\u00bb4px||2px||false|false\u00bb custom_padding=\u00bb|0px|3px|0px||\u00bb locked=\u00bboff\u00bb][\/et_pb_image][et_pb_image src=\u00bbhttp:\/\/www.castillapack.es\/wp-content\/uploads\/2021\/04\/image091.jpg\u00bb title_text=\u00bbimage091&#8243; align=\u00bbright\u00bb _builder_version=\u00bb4.8.2&#8243; _module_preset=\u00bbdefault\u00bb width=\u00bb91%\u00bb custom_margin=\u00bb4px||||false|false\u00bb custom_padding=\u00bb|0px|3px|0px||\u00bb locked=\u00bboff\u00bb][\/et_pb_image][\/et_pb_column][\/et_pb_row][et_pb_row column_structure=\u00bb1_2,1_2&#8243; use_custom_gutter=\u00bbon\u00bb gutter_width=\u00bb2&#8243; _builder_version=\u00bb4.8.2&#8243; _module_preset=\u00bbdefault\u00bb width=\u00bb89%\u00bb max_width=\u00bb1686px\u00bb max_height=\u00bb1000px\u00bb custom_margin=\u00bb-19px|-23px||38px|false|false\u00bb][et_pb_column type=\u00bb1_2&#8243; _builder_version=\u00bb4.8.2&#8243; _module_preset=\u00bbdefault\u00bb][et_pb_text _builder_version=\u00bb4.8.2&#8243; _module_preset=\u00bbdefault\u00bb custom_margin=\u00bb14px|174px|-4px|-1px|false|false\u00bb custom_padding=\u00bb0px|1px|0px|0px|false|false\u00bb hover_enabled=\u00bb0&#8243; box_shadow_style=\u00bbpreset4&#8243; box_shadow_color=\u00bb#0c4719&#8243; locked=\u00bboff\u00bb width=\u00bb80%\u00bb sticky_enabled=\u00bb0&#8243;]<\/p>\n<h1><strong>Aplicadores de Etiquetas<\/strong><\/h1>\n<p>[\/et_pb_text][et_pb_text _builder_version=\u00bb4.8.2&#8243; _module_preset=\u00bbdefault\u00bb text_line_height=\u00bb2.7em\u00bb width=\u00bb100%\u00bb custom_margin=\u00bb63px|-62px||-16px|false|false\u00bb custom_padding=\u00bb|33px||||\u00bb hover_enabled=\u00bb0&#8243; sticky_enabled=\u00bb0&#8243;]<\/p>\n<p style=\"text-align: justify;\"><span>Los sistemas de impresi\u00f3n y aplicaci\u00f3n de etiquetas de Macsa ID, permiten etiquetar cajas, sacos o pallets, ya sea por contacto o por expulsi\u00f3n de aire. Se integran f\u00e1cilmente a la l\u00ednea de producci\u00f3n y se adaptan a futuras necesidades de codificaci\u00f3n.<br \/> Macsa ID ofrece una amplia gama de soluciones de etiquetaje , encontrando as\u00ed la soluci\u00f3n a los etiquetajes necesarios.<\/span><\/p>\n<p>[\/et_pb_text][\/et_pb_column][et_pb_column type=\u00bb1_2&#8243; _builder_version=\u00bb4.8.2&#8243; _module_preset=\u00bbdefault\u00bb][et_pb_image src=\u00bbhttp:\/\/www.castillapack.es\/wp-content\/uploads\/2021\/04\/image092.jpg\u00bb title_text=\u00bbimage092&#8243; align=\u00bbright\u00bb _builder_version=\u00bb4.8.2&#8243; _module_preset=\u00bbdefault\u00bb custom_padding=\u00bb|||47px||\u00bb][\/et_pb_image][et_pb_image src=\u00bbhttp:\/\/www.castillapack.es\/wp-content\/uploads\/2021\/04\/image093.jpg\u00bb title_text=\u00bbimage093&#8243; align=\u00bbright\u00bb _builder_version=\u00bb4.8.2&#8243; _module_preset=\u00bbdefault\u00bb custom_margin=\u00bb11px|-3px||-10px|false|false\u00bb custom_padding=\u00bb|||0px||\u00bb hover_enabled=\u00bb0&#8243; locked=\u00bboff\u00bb sticky_enabled=\u00bb0&#8243; width=\u00bb94%\u00bb][\/et_pb_image][\/et_pb_column][\/et_pb_row][\/et_pb_section]<\/p>\n","protected":false},"excerpt":{"rendered":"<p>Impresoras de etiquetasLas impresoras de etiquetas t\u00e9rmicas son la soluci\u00f3n perfecta para las aplicaciones de etiquetado cr\u00edticas. Desde tickets, etiquetas con c\u00f3digos de barras, a etiquetas especializadas, las impresoras se han convertido en la principal elecci\u00f3n de etiquetado en todo el mundo.SobremesaEl dise\u00f1o inteligente de la serie de sobremesa para la carga frontal garantiza una [&hellip;]<\/p>\n","protected":false},"author":1,"featured_media":0,"parent":0,"menu_order":0,"comment_status":"closed","ping_status":"closed","template":"","meta":{"_et_pb_use_builder":"on","_et_pb_old_content":"<!-- wp:divi\/placeholder \/-->","_et_gb_content_width":"","footnotes":""},"class_list":["post-747","page","type-page","status-publish","hentry"],"_links":{"self":[{"href":"https:\/\/www.castillapack.es\/index.php?rest_route=\/wp\/v2\/pages\/747","targetHints":{"allow":["GET"]}}],"collection":[{"href":"https:\/\/www.castillapack.es\/index.php?rest_route=\/wp\/v2\/pages"}],"about":[{"href":"https:\/\/www.castillapack.es\/index.php?rest_route=\/wp\/v2\/types\/page"}],"author":[{"embeddable":true,"href":"https:\/\/www.castillapack.es\/index.php?rest_route=\/wp\/v2\/users\/1"}],"replies":[{"embeddable":true,"href":"https:\/\/www.castillapack.es\/index.php?rest_route=%2Fwp%2Fv2%2Fcomments&post=747"}],"version-history":[{"count":13,"href":"https:\/\/www.castillapack.es\/index.php?rest_route=\/wp\/v2\/pages\/747\/revisions"}],"predecessor-version":[{"id":1155,"href":"https:\/\/www.castillapack.es\/index.php?rest_route=\/wp\/v2\/pages\/747\/revisions\/1155"}],"wp:attachment":[{"href":"https:\/\/www.castillapack.es\/index.php?rest_route=%2Fwp%2Fv2%2Fmedia&parent=747"}],"curies":[{"name":"wp","href":"https:\/\/api.w.org\/{rel}","templated":true}]}}