{"id":749,"date":"2021-04-24T14:16:34","date_gmt":"2021-04-24T14:16:34","guid":{"rendered":"http:\/\/www.castillapack.es\/?page_id=749"},"modified":"2021-05-20T11:21:38","modified_gmt":"2021-05-20T11:21:38","slug":"marcadores-codificadores","status":"publish","type":"page","link":"https:\/\/www.castillapack.es\/?page_id=749","title":{"rendered":"Marcadores\/Codificadores"},"content":{"rendered":"<p>[et_pb_section fb_built=\u00bb1&#8243; admin_label=\u00bbHero\u00bb _builder_version=\u00bb3.22&#8243; background_image=\u00bbhttp:\/\/www.castillapack.es\/wp-content\/uploads\/2021\/03\/circle-background-pattern.png\u00bb custom_margin=\u00bb||-36px|||\u00bb custom_padding=\u00bb7px||0px|||\u00bb animation_style=\u00bbzoom\u00bb animation_intensity_zoom=\u00bb4%\u00bb][et_pb_row _builder_version=\u00bb3.25&#8243; background_size=\u00bbinitial\u00bb background_position=\u00bbtop_left\u00bb background_repeat=\u00bbrepeat\u00bb width=\u00bb84.8%\u00bb min_height=\u00bb12.9px\u00bb custom_padding=\u00bb||0px|||\u00bb animation_style=\u00bbslide\u00bb animation_direction=\u00bbtop\u00bb animation_intensity_slide=\u00bb3%\u00bb][et_pb_column type=\u00bb4_4&#8243; _builder_version=\u00bb3.25&#8243; custom_padding=\u00bb|||\u00bb custom_padding__hover=\u00bb|||\u00bb][et_pb_text _builder_version=\u00bb4.8.2&#8243; text_font=\u00bb||||||||\u00bb header_font=\u00bbMontserrat|700||on|||||dotted\u00bb header_text_color=\u00bb#353740&#8243; header_font_size=\u00bb60px\u00bb header_line_height=\u00bb1.3em\u00bb background_size=\u00bbinitial\u00bb background_position=\u00bbtop_left\u00bb background_repeat=\u00bbrepeat\u00bb custom_margin=\u00bb|-93px|-4px|0px|false|false\u00bb custom_padding=\u00bb|1px||0px||\u00bb animation_style=\u00bbfade\u00bb hover_enabled=\u00bb0&#8243; header_font_size_last_edited=\u00bboff|desktop\u00bb locked=\u00bboff\u00bb width=\u00bb109%\u00bb sticky_enabled=\u00bb0&#8243;]<\/p>\n<h1 style=\"text-align: left;\"><span style=\"color: #32680c;\">Marcadores y codificadores<\/span><\/h1>\n<p>[\/et_pb_text][et_pb_text _builder_version=\u00bb4.8.2&#8243; _module_preset=\u00bbdefault\u00bb width=\u00bb93.6%\u00bb custom_margin=\u00bb26px|-19px|-1px|-14px|false|false\u00bb custom_padding=\u00bb0px||0px|0px|false|false\u00bb hover_enabled=\u00bb0&#8243; box_shadow_style=\u00bbpreset4&#8243; box_shadow_color=\u00bb#0c4719&#8243; locked=\u00bboff\u00bb sticky_enabled=\u00bb0&#8243;]<\/p>\n<h1><strong>Impresi\u00f3n Inyecci\u00f3n de Tinta<\/strong><\/h1>\n<p>[\/et_pb_text][et_pb_divider show_divider=\u00bboff\u00bb disabled_on=\u00bbon|on|off%22&#8243; _builder_version=\u00bb4.8.2&#8243; max_width=\u00bb120px\u00bb animation_style=\u00bbslide\u00bb animation_direction=\u00bbtop\u00bb animation_intensity_slide=\u00bb30%\u00bb hover_enabled=\u00bb0&#8243; sticky_enabled=\u00bb0&#8243;][\/et_pb_divider][\/et_pb_column][\/et_pb_row][et_pb_row column_structure=\u00bb1_3,1_3,1_3&#8243; use_custom_gutter=\u00bbon\u00bb gutter_width=\u00bb2&#8243; make_equal=\u00bbon\u00bb _builder_version=\u00bb4.8.2&#8243; _module_preset=\u00bbdefault\u00bb width=\u00bbauto\u00bb custom_margin=\u00bb0px|50px||53px|false|false\u00bb][et_pb_column type=\u00bb1_3&#8243; _builder_version=\u00bb4.8.2&#8243; _module_preset=\u00bbdefault\u00bb][et_pb_image src=\u00bbhttp:\/\/www.castillapack.es\/wp-content\/uploads\/2021\/04\/image094.jpg\u00bb title_text=\u00bbimage094&#8243; _builder_version=\u00bb4.8.2&#8243; _module_preset=\u00bbdefault\u00bb][\/et_pb_image][et_pb_text _builder_version=\u00bb4.8.2&#8243; _module_preset=\u00bbdefault\u00bb]<\/p>\n<p style=\"text-align: center;\"><strong><span>idTIJ<\/span><\/strong><\/p>\n<p style=\"text-align: center;\"><span>Inyecci\u00f3n de tinta t\u00e9rmica<\/span><\/p>\n<p style=\"text-align: center;\"><span>de alta resoluci\u00f3n para<\/span><\/p>\n<p style=\"text-align: center;\">todos los materiales.<\/p>\n<p>[\/et_pb_text][et_pb_text _builder_version=\u00bb4.8.2&#8243; _module_preset=\u00bbdefault\u00bb width=\u00bb97.7%\u00bb custom_margin=\u00bb26px|-19px|-1px|-1px|false|false\u00bb custom_padding=\u00bb0px|0px|0px|0px|false|false\u00bb box_shadow_style=\u00bbpreset4&#8243; box_shadow_color=\u00bb#0c4719&#8243; locked=\u00bboff\u00bb]<\/p>\n<h1><strong>Marcaci\u00f3n por L\u00e1ser<\/strong><\/h1>\n<p>[\/et_pb_text][\/et_pb_column][et_pb_column type=\u00bb1_3&#8243; _builder_version=\u00bb4.8.2&#8243; _module_preset=\u00bbdefault\u00bb][et_pb_image src=\u00bbhttp:\/\/www.castillapack.es\/wp-content\/uploads\/2021\/04\/image095.jpg\u00bb title_text=\u00bbimage095&#8243; _builder_version=\u00bb4.8.2&#8243; _module_preset=\u00bbdefault\u00bb][\/et_pb_image][et_pb_text _builder_version=\u00bb4.8.2&#8243; _module_preset=\u00bbdefault\u00bb locked=\u00bboff\u00bb]<\/p>\n<p style=\"text-align: center;\"><strong><span>idJET<\/span><\/strong><\/p>\n<p style=\"text-align: center;\"><span>Codificaci\u00f3n en alta<\/span><\/p>\n<p style=\"text-align: center;\"><span>resoluci\u00f3n de car\u00e1cter<\/span><\/p>\n<p style=\"text-align: center;\">grande (de 17 a 70 mm<\/p>\n<p>[\/et_pb_text][\/et_pb_column][et_pb_column type=\u00bb1_3&#8243; _builder_version=\u00bb4.8.2&#8243; _module_preset=\u00bbdefault\u00bb][et_pb_image src=\u00bbhttp:\/\/www.castillapack.es\/wp-content\/uploads\/2021\/04\/image096.jpg\u00bb title_text=\u00bbimage096&#8243; _builder_version=\u00bb4.8.2&#8243; _module_preset=\u00bbdefault\u00bb][\/et_pb_image][et_pb_text _builder_version=\u00bb4.8.2&#8243; _module_preset=\u00bbdefault\u00bb locked=\u00bboff\u00bb]<\/p>\n<p style=\"text-align: center;\"><strong>Codificadores de Inyecci\u00f3n<\/strong><\/p>\n<p style=\"text-align: center;\"><strong>de tinta continua (CIJ)<\/strong><\/p>\n<p style=\"text-align: center;\">Linx 10 para la codificaci\u00f3n<\/p>\n<p style=\"text-align: center;\">en superf\u00edcies planas\u00a0o curvadas<\/p>\n<p style=\"text-align: center;\">y multitud de\u00a0sustratos.<\/p>\n<p>[\/et_pb_text][\/et_pb_column][\/et_pb_row][et_pb_row use_custom_gutter=\u00bbon\u00bb gutter_width=\u00bb2&#8243; make_equal=\u00bbon\u00bb _builder_version=\u00bb4.8.2&#8243; _module_preset=\u00bbdefault\u00bb width=\u00bbauto\u00bb custom_margin=\u00bb0px|50px||53px|false|false\u00bb locked=\u00bboff\u00bb][et_pb_column type=\u00bb4_4&#8243; _builder_version=\u00bb4.8.2&#8243; _module_preset=\u00bbdefault\u00bb][et_pb_image src=\u00bbhttp:\/\/www.castillapack.es\/wp-content\/uploads\/2021\/04\/image097.jpg\u00bb title_text=\u00bbimage097&#8243; align=\u00bbcenter\u00bb _builder_version=\u00bb4.8.2&#8243; _module_preset=\u00bbdefault\u00bb][\/et_pb_image][et_pb_text _builder_version=\u00bb4.8.2&#8243; _module_preset=\u00bbdefault\u00bb locked=\u00bboff\u00bb]<\/p>\n<p style=\"text-align: center;\"><strong><span>L\u00e1ser<\/span><\/strong><\/p>\n<p style=\"text-align: center;\"><span>iCON2, l\u00e1ser compacto de CO2 para la<\/span><\/p>\n<p style=\"text-align: center;\">codificaci\u00f3n de car\u00e1cter peque\u00f1o<\/p>\n<p>[\/et_pb_text][\/et_pb_column][\/et_pb_row][et_pb_row _builder_version=\u00bb4.8.2&#8243; _module_preset=\u00bbdefault\u00bb custom_margin=\u00bb|-1px||125px|false|false\u00bb][et_pb_column type=\u00bb4_4&#8243; _builder_version=\u00bb4.8.2&#8243; _module_preset=\u00bbdefault\u00bb][et_pb_text _builder_version=\u00bb4.8.2&#8243; _module_preset=\u00bbdefault\u00bb width=\u00bb100%\u00bb custom_margin=\u00bb-16px|-19px|-1px|-67px|false|false\u00bb custom_padding=\u00bb0px||0px|0px|false|false\u00bb hover_enabled=\u00bb0&#8243; box_shadow_style=\u00bbpreset4&#8243; box_shadow_color=\u00bb#0c4719&#8243; locked=\u00bboff\u00bb sticky_enabled=\u00bb0&#8243;]<\/p>\n<h1><strong>Transferencia T\u00e9rmica<\/strong><\/h1>\n<p>[\/et_pb_text][\/et_pb_column][\/et_pb_row][et_pb_row use_custom_gutter=\u00bbon\u00bb gutter_width=\u00bb2&#8243; make_equal=\u00bbon\u00bb _builder_version=\u00bb4.8.2&#8243; _module_preset=\u00bbdefault\u00bb width=\u00bbauto\u00bb custom_margin=\u00bb0px|50px||53px|false|false\u00bb locked=\u00bboff\u00bb][et_pb_column type=\u00bb4_4&#8243; _builder_version=\u00bb4.8.2&#8243; _module_preset=\u00bbdefault\u00bb][et_pb_image src=\u00bbhttp:\/\/www.castillapack.es\/wp-content\/uploads\/2021\/04\/image098.jpg\u00bb title_text=\u00bbimage098&#8243; align=\u00bbcenter\u00bb _builder_version=\u00bb4.8.2&#8243; _module_preset=\u00bbdefault\u00bb][\/et_pb_image][et_pb_text _builder_version=\u00bb4.8.2&#8243; _module_preset=\u00bbdefault\u00bb locked=\u00bboff\u00bb]<\/p>\n<p style=\"text-align: center;\"><span>Equipos de codificaci\u00f3n por transferencia<\/span><\/p>\n<p style=\"text-align: center;\"><span>t\u00e9rmica LINX para marcar sobre materiales<\/span><\/p>\n<p style=\"text-align: center;\"><span>como papel, aluminio y pl\u00e1stico as\u00ed como<\/span><\/p>\n<p style=\"text-align: center;\">sobre laminados o etiquetas adhesivas.<\/p>\n<p>[\/et_pb_text][\/et_pb_column][\/et_pb_row][\/et_pb_section]<\/p>\n","protected":false},"excerpt":{"rendered":"<p>Marcadores y codificadoresImpresi\u00f3n Inyecci\u00f3n de TintaidTIJ Inyecci\u00f3n de tinta t\u00e9rmica de alta resoluci\u00f3n para todos los materiales.Marcaci\u00f3n por L\u00e1seridJET Codificaci\u00f3n en alta resoluci\u00f3n de car\u00e1cter grande (de 17 a 70 mmCodificadores de Inyecci\u00f3n de tinta continua (CIJ) Linx 10 para la codificaci\u00f3n en superf\u00edcies planas\u00a0o curvadas y multitud de\u00a0sustratos.L\u00e1ser iCON2, l\u00e1ser compacto de CO2 para [&hellip;]<\/p>\n","protected":false},"author":1,"featured_media":0,"parent":0,"menu_order":0,"comment_status":"closed","ping_status":"closed","template":"","meta":{"_et_pb_use_builder":"on","_et_pb_old_content":"<!-- wp:divi\/placeholder \/-->","_et_gb_content_width":"","footnotes":""},"class_list":["post-749","page","type-page","status-publish","hentry"],"_links":{"self":[{"href":"https:\/\/www.castillapack.es\/index.php?rest_route=\/wp\/v2\/pages\/749","targetHints":{"allow":["GET"]}}],"collection":[{"href":"https:\/\/www.castillapack.es\/index.php?rest_route=\/wp\/v2\/pages"}],"about":[{"href":"https:\/\/www.castillapack.es\/index.php?rest_route=\/wp\/v2\/types\/page"}],"author":[{"embeddable":true,"href":"https:\/\/www.castillapack.es\/index.php?rest_route=\/wp\/v2\/users\/1"}],"replies":[{"embeddable":true,"href":"https:\/\/www.castillapack.es\/index.php?rest_route=%2Fwp%2Fv2%2Fcomments&post=749"}],"version-history":[{"count":9,"href":"https:\/\/www.castillapack.es\/index.php?rest_route=\/wp\/v2\/pages\/749\/revisions"}],"predecessor-version":[{"id":1157,"href":"https:\/\/www.castillapack.es\/index.php?rest_route=\/wp\/v2\/pages\/749\/revisions\/1157"}],"wp:attachment":[{"href":"https:\/\/www.castillapack.es\/index.php?rest_route=%2Fwp%2Fv2%2Fmedia&parent=749"}],"curies":[{"name":"wp","href":"https:\/\/api.w.org\/{rel}","templated":true}]}}