{"id":825,"date":"2021-05-01T10:17:42","date_gmt":"2021-05-01T10:17:42","guid":{"rendered":"http:\/\/www.castillapack.es\/?page_id=825"},"modified":"2021-05-21T16:55:00","modified_gmt":"2021-05-21T16:55:00","slug":"film-extensible","status":"publish","type":"page","link":"https:\/\/www.castillapack.es\/?page_id=825","title":{"rendered":"Film Extensible"},"content":{"rendered":"<p>[et_pb_section fb_built=\u00bb1&#8243; admin_label=\u00bbHero\u00bb _builder_version=\u00bb4.8.2&#8243; background_image=\u00bbhttp:\/\/www.castillapack.es\/wp-content\/uploads\/2021\/03\/circle-background-pattern.png\u00bb min_height=\u00bb3214.6px\u00bb custom_margin=\u00bb||-42px|||\u00bb custom_padding=\u00bb7px||0px|||\u00bb animation_style=\u00bbzoom\u00bb animation_intensity_zoom=\u00bb4%\u00bb][et_pb_row use_custom_gutter=\u00bbon\u00bb _builder_version=\u00bb4.8.2&#8243; background_size=\u00bbinitial\u00bb background_position=\u00bbtop_left\u00bb background_repeat=\u00bbrepeat\u00bb width=\u00bb84.8%\u00bb custom_padding=\u00bb||0px|||\u00bb animation_style=\u00bbslide\u00bb animation_direction=\u00bbtop\u00bb animation_intensity_slide=\u00bb3%\u00bb][et_pb_column type=\u00bb4_4&#8243; _builder_version=\u00bb3.25&#8243; custom_padding=\u00bb|||\u00bb custom_padding__hover=\u00bb|||\u00bb][et_pb_text _builder_version=\u00bb4.8.2&#8243; text_font=\u00bb||||||||\u00bb header_font=\u00bbMontserrat|700||on|||||dotted\u00bb header_text_color=\u00bb#353740&#8243; header_font_size=\u00bb60px\u00bb header_line_height=\u00bb1.3em\u00bb background_size=\u00bbinitial\u00bb background_position=\u00bbtop_left\u00bb background_repeat=\u00bbrepeat\u00bb custom_margin=\u00bb|-93px|-4px|-53px||\u00bb custom_padding=\u00bb|1px||0px||\u00bb animation_style=\u00bbfade\u00bb header_font_size_last_edited=\u00bboff|desktop\u00bb locked=\u00bboff\u00bb disabled_on=\u00bbon|off|off\u00bb]<\/p>\n<h1 style=\"text-align: center;\"><span color=\"#32680c\" style=\"color: #32680c;\"><span style=\"caret-color: #32680c;\">FILM EXTENSIBLE<\/span><\/span><\/h1>\n<p>[\/et_pb_text][et_pb_text _builder_version=\u00bb4.8.2&#8243; _module_preset=\u00bbdefault\u00bb width=\u00bb91%\u00bb custom_margin=\u00bb26px||-1px|-3px|false|false\u00bb custom_padding=\u00bb0px||0px|0px|false|false\u00bb box_shadow_style=\u00bbpreset4&#8243; box_shadow_color=\u00bb#0c4719&#8243; locked=\u00bboff\u00bb]<\/p>\n<h1><strong>Manual y Autom\u00e1tico Est\u00e1ndar<\/strong><\/h1>\n<p>[\/et_pb_text][et_pb_text _builder_version=\u00bb4.8.2&#8243; _module_preset=\u00bbdefault\u00bb custom_margin=\u00bb30px||-4px||false|false\u00bb]<\/p>\n<ul>\n<li>\n<p><span>FILM ESTIRABLE EN ANCHOS 125, 250 Y 500 MM, ESPESORES 17,20 Y 23 MICRAS APLICACI\u00d3N MANUAL Y AUTOMATICA<\/span><\/p>\n<\/li>\n<\/ul>\n<p>[\/et_pb_text][et_pb_divider show_divider=\u00bboff\u00bb disabled_on=\u00bbon|on|off%22&#8243; _builder_version=\u00bb3.2&#8243; max_width=\u00bb120px\u00bb animation_style=\u00bbslide\u00bb animation_direction=\u00bbtop\u00bb animation_intensity_slide=\u00bb30%\u00bb][\/et_pb_divider][\/et_pb_column][\/et_pb_row][et_pb_row column_structure=\u00bb1_2,1_2&#8243; _builder_version=\u00bb4.8.2&#8243; _module_preset=\u00bbdefault\u00bb][et_pb_column type=\u00bb1_2&#8243; _builder_version=\u00bb4.8.2&#8243; _module_preset=\u00bbdefault\u00bb][et_pb_image src=\u00bbhttp:\/\/www.castillapack.es\/wp-content\/uploads\/2021\/05\/image128.jpg\u00bb title_text=\u00bbimage128&#8243; align=\u00bbcenter\u00bb _builder_version=\u00bb4.8.2&#8243; _module_preset=\u00bbdefault\u00bb custom_margin=\u00bb|-5px||36px|false|false\u00bb custom_padding=\u00bb|0px||6px||\u00bb locked=\u00bboff\u00bb][\/et_pb_image][\/et_pb_column][et_pb_column type=\u00bb1_2&#8243; _builder_version=\u00bb4.8.2&#8243; _module_preset=\u00bbdefault\u00bb][et_pb_image src=\u00bbhttp:\/\/www.castillapack.es\/wp-content\/uploads\/2021\/05\/image129.jpg\u00bb title_text=\u00bbimage129&#8243; _builder_version=\u00bb4.8.2&#8243; _module_preset=\u00bbdefault\u00bb custom_padding=\u00bb|88px||11px||\u00bb locked=\u00bboff\u00bb][\/et_pb_image][\/et_pb_column][\/et_pb_row][et_pb_row use_custom_gutter=\u00bbon\u00bb gutter_width=\u00bb2&#8243; make_equal=\u00bbon\u00bb _builder_version=\u00bb4.8.2&#8243; _module_preset=\u00bbdefault\u00bb width=\u00bbauto\u00bb custom_margin=\u00bb0px|50px||53px|false|false\u00bb custom_padding=\u00bb0px|||||\u00bb locked=\u00bboff\u00bb][et_pb_column type=\u00bb4_4&#8243; _builder_version=\u00bb4.8.2&#8243; _module_preset=\u00bbdefault\u00bb][et_pb_text _builder_version=\u00bb4.8.2&#8243; _module_preset=\u00bbdefault\u00bb width=\u00bb92%\u00bb custom_margin=\u00bb26px|983px|-1px|-2px|false|false\u00bb custom_padding=\u00bb0px||0px|0px|false|false\u00bb box_shadow_style=\u00bbpreset4&#8243; box_shadow_color=\u00bb#0c4719&#8243; locked=\u00bboff\u00bb]<\/p>\n<h2><strong><span>Film de Color y Film Impreso<\/span><\/strong><\/h2>\n<p>[\/et_pb_text][et_pb_text _builder_version=\u00bb4.8.2&#8243; _module_preset=\u00bbdefault\u00bb custom_margin=\u00bb30px||-4px||false|false\u00bb locked=\u00bboff\u00bb]<\/p>\n<p>USO MANUAL Y AUTOMATICO, COLORES BLANCO, AZUL Y NEGRO.<\/p>\n<p>[\/et_pb_text][et_pb_image src=\u00bbhttp:\/\/www.castillapack.es\/wp-content\/uploads\/2021\/05\/image130.png\u00bb title_text=\u00bbimage130&#8243; _builder_version=\u00bb4.8.2&#8243; _module_preset=\u00bbdefault\u00bb][\/et_pb_image][\/et_pb_column][\/et_pb_row][et_pb_row _builder_version=\u00bb4.8.2&#8243; _module_preset=\u00bbdefault\u00bb custom_margin=\u00bb|-1px||0px|false|false\u00bb][et_pb_column type=\u00bb4_4&#8243; _builder_version=\u00bb4.8.2&#8243; _module_preset=\u00bbdefault\u00bb][et_pb_text _builder_version=\u00bb4.8.2&#8243; _module_preset=\u00bbdefault\u00bb width=\u00bb100%\u00bb custom_margin=\u00bb-16px|-19px|-1px|16px|false|false\u00bb custom_padding=\u00bb0px||0px|0px|false|false\u00bb box_shadow_style=\u00bbpreset4&#8243; box_shadow_color=\u00bb#0c4719&#8243; locked=\u00bboff\u00bb]<\/p>\n<h1><strong>Film Orientado Mimalite &#8211; Preestirado<\/strong><\/h1>\n<p>[\/et_pb_text][et_pb_text _builder_version=\u00bb4.8.2&#8243; _module_preset=\u00bbdefault\u00bb custom_margin=\u00bb30px|-88px|-4px|22px|false|false\u00bb locked=\u00bboff\u00bb]<\/p>\n<p><span>FILM DE BAJO MICRAJE CON ALTO PODER DE SUJECCION Y CONSISTENCIA EN LOS PALETS. GRAN REDUCCION DE PLASTICO APLICADO TRADUCIENDOSE EN UN AHORRO ECONOMICO. ESPESORES DE 7 Y 9 MICRAS. USO MANUAL Y AUTOMATICO<\/span><\/p>\n<p>[\/et_pb_text][\/et_pb_column][\/et_pb_row][et_pb_row use_custom_gutter=\u00bbon\u00bb gutter_width=\u00bb2&#8243; make_equal=\u00bbon\u00bb _builder_version=\u00bb4.8.2&#8243; _module_preset=\u00bbdefault\u00bb width=\u00bbauto\u00bb custom_margin=\u00bb0px|50px||53px|false|false\u00bb custom_padding=\u00bb0px|||||\u00bb locked=\u00bboff\u00bb][et_pb_column type=\u00bb4_4&#8243; _builder_version=\u00bb4.8.2&#8243; _module_preset=\u00bbdefault\u00bb][et_pb_image src=\u00bbhttp:\/\/www.castillapack.es\/wp-content\/uploads\/2021\/05\/image131.jpg\u00bb title_text=\u00bbimage131&#8243; align=\u00bbcenter\u00bb _builder_version=\u00bb4.8.2&#8243; _module_preset=\u00bbdefault\u00bb custom_margin=\u00bb||16px|||\u00bb custom_padding=\u00bb0px|1px||||\u00bb][\/et_pb_image][\/et_pb_column][\/et_pb_row][et_pb_row _builder_version=\u00bb4.8.2&#8243; _module_preset=\u00bbdefault\u00bb width=\u00bb87.7%\u00bb][et_pb_column type=\u00bb4_4&#8243; _builder_version=\u00bb4.8.2&#8243; _module_preset=\u00bbdefault\u00bb][et_pb_text _builder_version=\u00bb4.8.2&#8243; _module_preset=\u00bbdefault\u00bb width=\u00bb65.9%\u00bb custom_margin=\u00bb-16px|-2px|-1px|-5px|false|false\u00bb custom_padding=\u00bb0px||0px|0px|false|false\u00bb box_shadow_style=\u00bbpreset4&#8243; box_shadow_color=\u00bb#0c4719&#8243; locked=\u00bboff\u00bb]<\/p>\n<h1><strong>Film Autom\u00e1tico T\u00e9cnico MIMA<\/strong><\/h1>\n<p>[\/et_pb_text][et_pb_text _builder_version=\u00bb4.8.2&#8243; _module_preset=\u00bbdefault\u00bb custom_margin=\u00bb30px||-4px||false|false\u00bb locked=\u00bboff\u00bb]<\/p>\n<p><span>FILMS ESTIRABLES TECNICOS DE ALTA CALIDAD. CON PREESTIROS DESDE 50 % HASTA 300 %. <\/span><\/p>\n<p><span>GRAN RANGO DE CALIDADES Y ESPESORES ACORDE A LAS MERCANCIAS A ENVOLVER, ASEGURANDO EL PERFECTO TRANSITO DURANTE EL TRANSPORTE Y REDUCIENDO LOS COSTES ECONOMICOS Y LA HUELLA ECOLOGICA<\/span><\/p>\n<p>[\/et_pb_text][\/et_pb_column][\/et_pb_row][et_pb_row use_custom_gutter=\u00bbon\u00bb gutter_width=\u00bb2&#8243; make_equal=\u00bbon\u00bb _builder_version=\u00bb4.8.2&#8243; _module_preset=\u00bbdefault\u00bb width=\u00bbauto\u00bb custom_margin=\u00bb0px|50px||53px|false|false\u00bb locked=\u00bboff\u00bb][et_pb_column type=\u00bb4_4&#8243; _builder_version=\u00bb4.8.2&#8243; _module_preset=\u00bbdefault\u00bb][et_pb_image src=\u00bbhttp:\/\/www.castillapack.es\/wp-content\/uploads\/2021\/05\/image132.jpg\u00bb title_text=\u00bbimage132&#8243; align=\u00bbcenter\u00bb _builder_version=\u00bb4.8.2&#8243; _module_preset=\u00bbdefault\u00bb custom_margin=\u00bb||7px|||\u00bb custom_padding=\u00bb|1px||||\u00bb][\/et_pb_image][\/et_pb_column][\/et_pb_row][et_pb_row _builder_version=\u00bb4.8.2&#8243; _module_preset=\u00bbdefault\u00bb width=\u00bb87.7%\u00bb locked=\u00bboff\u00bb][et_pb_column type=\u00bb4_4&#8243; _builder_version=\u00bb4.8.2&#8243; _module_preset=\u00bbdefault\u00bb][et_pb_text _builder_version=\u00bb4.8.2&#8243; _module_preset=\u00bbdefault\u00bb width=\u00bb89.1%\u00bb custom_margin=\u00bb-16px|-2px|-1px|-5px|false|false\u00bb custom_padding=\u00bb0px||0px|0px|false|false\u00bb box_shadow_style=\u00bbpreset4&#8243; box_shadow_color=\u00bb#0c4719&#8243; locked=\u00bboff\u00bb]<\/p>\n<h1><strong>Film Macroperforado<\/strong><\/h1>\n<p>[\/et_pb_text][et_pb_text _builder_version=\u00bb4.8.2&#8243; _module_preset=\u00bbdefault\u00bb custom_margin=\u00bb30px||-4px||false|false\u00bb locked=\u00bboff\u00bb]<\/p>\n<p><span>FILM ESTIRABLE CON AGUJEROS PARA ELIMINAR LA CONDENSACION Y ASEGURAR LA VENTILACION DE LOS PRODUCTOS QUE LO REQUIEREN. <\/span><\/p>\n<p><span>USO MANUAL Y AUTOM\u00c1TICO<\/span><\/p>\n<p>[\/et_pb_text][\/et_pb_column][\/et_pb_row][et_pb_row column_structure=\u00bb1_2,1_2&#8243; use_custom_gutter=\u00bbon\u00bb gutter_width=\u00bb2&#8243; make_equal=\u00bbon\u00bb _builder_version=\u00bb4.8.2&#8243; _module_preset=\u00bbdefault\u00bb width=\u00bbauto\u00bb custom_margin=\u00bb0px|50px||53px|false|false\u00bb locked=\u00bboff\u00bb][et_pb_column type=\u00bb1_2&#8243; _builder_version=\u00bb4.8.2&#8243; _module_preset=\u00bbdefault\u00bb][et_pb_image src=\u00bbhttp:\/\/www.castillapack.es\/wp-content\/uploads\/2021\/05\/image133.jpg\u00bb title_text=\u00bbimage133&#8243; align=\u00bbcenter\u00bb _builder_version=\u00bb4.8.2&#8243; _module_preset=\u00bbdefault\u00bb custom_margin=\u00bb|92px|7px|||\u00bb custom_padding=\u00bb|1px||||\u00bb][\/et_pb_image][\/et_pb_column][et_pb_column type=\u00bb1_2&#8243; _builder_version=\u00bb4.8.2&#8243; _module_preset=\u00bbdefault\u00bb][et_pb_image src=\u00bbhttp:\/\/www.castillapack.es\/wp-content\/uploads\/2021\/05\/image134.jpg\u00bb title_text=\u00bbimage134&#8243; align=\u00bbcenter\u00bb _builder_version=\u00bb4.8.2&#8243; _module_preset=\u00bbdefault\u00bb][\/et_pb_image][\/et_pb_column][\/et_pb_row][\/et_pb_section]<\/p>\n","protected":false},"excerpt":{"rendered":"<p>FILM EXTENSIBLEManual y Autom\u00e1tico Est\u00e1ndar FILM ESTIRABLE EN ANCHOS 125, 250 Y 500 MM, ESPESORES 17,20 Y 23 MICRAS APLICACI\u00d3N MANUAL Y AUTOMATICA Film de Color y Film ImpresoUSO MANUAL Y AUTOMATICO, COLORES BLANCO, AZUL Y NEGRO.Film Orientado Mimalite &#8211; PreestiradoFILM DE BAJO MICRAJE CON ALTO PODER DE SUJECCION Y CONSISTENCIA EN LOS PALETS. GRAN [&hellip;]<\/p>\n","protected":false},"author":1,"featured_media":0,"parent":0,"menu_order":0,"comment_status":"closed","ping_status":"closed","template":"","meta":{"_et_pb_use_builder":"on","_et_pb_old_content":"<!-- wp:divi\/placeholder \/-->","_et_gb_content_width":"","footnotes":""},"class_list":["post-825","page","type-page","status-publish","hentry"],"_links":{"self":[{"href":"https:\/\/www.castillapack.es\/index.php?rest_route=\/wp\/v2\/pages\/825","targetHints":{"allow":["GET"]}}],"collection":[{"href":"https:\/\/www.castillapack.es\/index.php?rest_route=\/wp\/v2\/pages"}],"about":[{"href":"https:\/\/www.castillapack.es\/index.php?rest_route=\/wp\/v2\/types\/page"}],"author":[{"embeddable":true,"href":"https:\/\/www.castillapack.es\/index.php?rest_route=\/wp\/v2\/users\/1"}],"replies":[{"embeddable":true,"href":"https:\/\/www.castillapack.es\/index.php?rest_route=%2Fwp%2Fv2%2Fcomments&post=825"}],"version-history":[{"count":13,"href":"https:\/\/www.castillapack.es\/index.php?rest_route=\/wp\/v2\/pages\/825\/revisions"}],"predecessor-version":[{"id":1180,"href":"https:\/\/www.castillapack.es\/index.php?rest_route=\/wp\/v2\/pages\/825\/revisions\/1180"}],"wp:attachment":[{"href":"https:\/\/www.castillapack.es\/index.php?rest_route=%2Fwp%2Fv2%2Fmedia&parent=825"}],"curies":[{"name":"wp","href":"https:\/\/api.w.org\/{rel}","templated":true}]}}